{"id":518,"date":"2020-04-05T12:36:40","date_gmt":"2020-04-05T12:36:40","guid":{"rendered":"https:\/\/memorycafens.ca\/?page_id=518"},"modified":"2023-09-07T16:36:03","modified_gmt":"2023-09-07T16:36:03","slug":"things-to-do","status":"publish","type":"page","link":"https:\/\/memorycafens.ca\/fr\/things-to-do\/","title":{"rendered":"D\u00e9tente"},"content":{"rendered":"<img loading=\"lazy\" decoding=\"async\" src=\"https:\/\/memorycafens.ca\/wp-content\/uploads\/2020\/04\/Ebook.jpg\" alt=\"Ebook\" itemprop=\"image\" height=\"127\" width=\"139\" title=\"Ebook\" onerror=\"this.style.display='none'\"  \/>\n\t\t\t\t<img loading=\"lazy\" decoding=\"async\" src=\"https:\/\/memorycafens.ca\/wp-content\/uploads\/2020\/04\/Radio.jpg\" alt=\"Radio\" itemprop=\"image\" height=\"132\" width=\"135\" title=\"Radio\" onerror=\"this.style.display='none'\"  \/>\n\t\t\t\t<img loading=\"lazy\" decoding=\"async\" src=\"https:\/\/memorycafens.ca\/wp-content\/uploads\/2020\/04\/Chair-Yoga-1.jpg\" alt=\"Chair Yoga\" itemprop=\"image\" height=\"123\" width=\"136\" title=\"YOGA DE CHAISE\" onerror=\"this.style.display='none'\"  \/>\n\t\t\t\t<img loading=\"lazy\" decoding=\"async\" src=\"https:\/\/memorycafens.ca\/wp-content\/uploads\/2020\/04\/Happiness-Lab-Small.jpg\" alt=\"Happiness Lab Small\" itemprop=\"image\" height=\"125\" width=\"126\" title=\"Happiness Lab Small\" onerror=\"this.style.display='none'\"  \/>\n\t<p>Sous notre rubrique \u00ab D\u00e9tente \u00bb, nous vous proposons un ensemble de ressources gratuites pour vous aider \u00e0 vous d\u00e9tendre, vous \u00e9tendre, et \u00e0 profiter de votre temps libre \u00e0 la maison. Une compilation choisie pour vous par l\u2019\u00e9quipe de Memory Caf\u00e9 NS.<\/p>\n\t<h3>EBOOKS LIBRES ET GRATUITS<\/h3>\n\t<h4><a href=\"https:\/\/www.ebooksgratuits.com\/\" target=\"_blank\" rel=\"noopener\"><img loading=\"lazy\" decoding=\"async\" src=\"https:\/\/memorycafens.ca\/wp-content\/uploads\/2022\/11\/eBooks-French.png\" alt=\"\" width=\"247\" height=\"66\" \/><\/a><\/h4>\n<h4><a href=\"https:\/\/www.ebooksgratuits.com\">https:\/\/www.ebooksgratuits.com<\/a><br><br>\n\nDes milliers de livres GRATUITS, \u00e0 lire o\u00f9 et quand vous voulez!<\/h4>\n<p>D\u00e9couvrez les \u00e9toiles naissantes du monde de la litt\u00e9rature et offrez-vous le cadeau de quelques-uns des meilleurs livres disponibles. Un bel atout de l\u2019eBook est la possibilit\u00e9 de changer la taille de police si vous avez des difficult\u00e9s de vue.<\/p>\n<p class=\"translation-block\"><span style=\"font-size: 6px;color:white\">Become<\/span><\/p>\n\t<h3>MUSIQUE ET RADIO<\/h3>\n\t<p>Nous avons eu de la musique, du chant (et m\u00eame un peu de danse) lors de certains de nos Caf\u00e9s, car ce sont de bonnes fa\u00e7ons de favoriser la bonne humeur et d\u2019am\u00e9liorer notre bien-\u00eatre. Nous esp\u00e9rons que les liens ci-dessous vous aideront \u00e0 profiter de la musique depuis le confort de votre maison. Vous \u00eates libre de chanter et de danser en m\u00eame temps car personne ne vous regarde!<\/p>\n<p><a href=\"http:\/\/www.veniceclassicradio.eu\" target=\"_blank\" rel=\"noopener\"><img loading=\"lazy\" decoding=\"async\" src=\"https:\/\/memorycafens.ca\/wp-content\/uploads\/2020\/04\/Venice-Classic-Radio.jpg\" alt=\"\" width=\"169\" height=\"149\" \/><\/a><\/p>\n<p>Saviez-vous qu\u2019il y a une chaine de radio en ligne qui s\u2019appelle Venice Classico qui vous offre deux fr\u00e9quences avec de la belle musique classique, disponibles \u00e0 toute heure du jour ou de la nuit? L\u2019\u00e9coute gratuite est disponible \u00e0 <a href=\"http:\/\/www.veniceclassicradio.eu\/\"><em>www.veniceclassicradio.eu<\/em><\/a>.\u00a0<\/p>\n<hr \/>\n<p><a href=\"https:\/\/www.classicfm.com\/music-news\/coronavirus\/self-isolating-choirs-orchestras-perform-concerts\/\" target=\"_blank\" rel=\"noopener\"><img loading=\"lazy\" decoding=\"async\" src=\"https:\/\/memorycafens.ca\/wp-content\/uploads\/2020\/04\/Classic-FM.jpg\" alt=\"\" width=\"262\" height=\"102\" \/><\/a><\/p>\n<p>During the Covid-19 pandemic, while we ran all our Memory Caf\u00e9s online, musicians under quarantine also gathered together to play (and sing) their favorite pieces online. From peaceful springtime songs to energetic Beethoven flash mobs, their clips helped to lift people&#8217;s spirits.<\/p>\n<p>Nous esp\u00e9rons que vous trouverez du plaisir \u00e0 les \u00e9couter chez vous.<\/p>\n<p><em><a href=\"https:\/\/www.classicfm.com\/music-news\/coronavirus\/self-isolating-choirs-orchestras-perform-concerts\/\">https:\/\/www.classicfm.com\/music-news\/coronavirus\/self-isolating-choirs-orchestras-perform-concerts\/<\/a><\/em><\/p>\n<hr \/>\n<p><a href=\"http:\/\/www.radio-canada-online.com\/\" target=\"_blank\" rel=\"noopener\"><img loading=\"lazy\" decoding=\"async\" src=\"https:\/\/memorycafens.ca\/wp-content\/uploads\/2020\/04\/ca.png\" alt=\"\" width=\"64\" height=\"64\" \/><\/a><\/p>\n<p>There&#8217;s also this link that has lots of radio &amp; podcasts and offers more variety outside of the great links to classical music that we already have featured. It is also free. Here is the link: <a href=\"http:\/\/www.radio-canada-online.com\/\">http:\/\/www.radio-canada-online.com\/<\/a>. \u00a0<\/p>\n<p>Note that you can view stations from around the world by simply clicking on a country&#8217;s flag at the bottom of the page.<\/p>\n\t<h3>YOGA DE CHAISE<\/h3>\n\t\t\t\t<img loading=\"lazy\" decoding=\"async\" src=\"https:\/\/memorycafens.ca\/wp-content\/uploads\/2020\/04\/Chair-Yoga.jpg\" alt=\"Chair Yoga\" itemprop=\"image\" height=\"295\" width=\"295\" title=\"YOGA DE CHAISE\" onerror=\"this.style.display='none'\"  \/>\n<h3>10-Minute GENTLE Chair Yoga<\/h3>\t\t\n\t\t\t<p>A 10 minute exercise sequence done completely while seated. There are short breathing exercises at the beginning and end of the video. Developed by the therapists in the Toronto Rehab, Brain and Spinal Cord LEAP Service.<\/p>\n\t\t\t<a href=\"\" target=\"_self\" rel=\"noopener\">\n\t\t\t\t\t\t\t<span class=\"su-lightbox\" data-mfp-src=\"https:\/\/www.youtube.com\/watch?v=XMps5-PIJHA\" data-mfp-type=\"iframe\" data-mobile=\"yes\">Click here to view.<\/span>\n\t\t\t\t\t<\/a>\n\t\t\t\t<img loading=\"lazy\" decoding=\"async\" src=\"https:\/\/memorycafens.ca\/wp-content\/uploads\/2020\/04\/Chair-Yoga-30.jpg\" alt=\"Chair Yoga 30\" itemprop=\"image\" height=\"295\" width=\"295\" title=\"Chair Yoga 30\" onerror=\"this.style.display='none'\"  \/>\n<h3>30-Minute Chair Yoga<\/h3>\t\t\n\t\t\t<p>This 30-minute chair exercise is designed with 3 variations. Square breathing and alternate nostril breathing exercises are also included. Developed by the therapists in the Toronto Rehab, Brain and Spinal Cord LEAP Service.<\/p>\n\t\t\t<a href=\"\" target=\"_self\" rel=\"noopener\">\n\t\t\t\t\t\t\t<span class=\"su-lightbox\" data-mfp-src=\"https:\/\/www.youtube.com\/watch?v=1YHjBYcqJ5c\" data-mfp-type=\"iframe\" data-mobile=\"yes\">Click here to view.<\/span>\n\t\t\t\t\t<\/a>\n\t<p>Le site francophone <a href=\"https:\/\/move50plus.ca\" target=\"_blank\" rel=\"noopener\">MOVE50PLUS<\/a> est une plateforme interactive, gratuite et sans abonnement pour promouvoir l\u2019activit\u00e9 physique chez les plus de 50 ans. Ils proposent une tr\u00e8s belle vid\u00e9o de yoga sur chaise (22 mn.) que vous pouvez trouver ici :<\/p>\n<div class=\"sdm_download_button_box_default\"><div class=\"sdm_download_link\"><a href=\"https:\/\/memorycafens.ca\/fr\/?sdm_process_download=1&download_id=2300\" class=\"sdm_download green\" title=\"Chair Yoga &#8211; French\" >T\u00e9l\u00e9charger la Vid\u00e9o de Yoga sur Chaise en fran\u00e7ais<\/a><\/div><\/div>\n\t<h3>THE HAPPINESS LAB<\/h3>\n\t<p><a href=\"http:\/\/www.happinesslab.fm\" target=\"_blank\" rel=\"noopener\"><img loading=\"lazy\" decoding=\"async\" src=\"https:\/\/memorycafens.ca\/wp-content\/uploads\/2020\/04\/The-Happiness-Lab-1.jpg\" alt=\"\" width=\"160\" height=\"160\" \/><\/a><\/p>\n<p class=\"translation-block\"><span style=\"font-size: 18px\">Le site anglais du Happiness Lab (Le Laboratoire du Bonheur)  <a href=\"http:\/\/www.happinesslab.fm\/\" target=\"_self\"><em>www.happinesslab.fm<\/em><\/a>. propose une s\u00e9rie de podcast du Professeur Laurie Santos, de L\u2019Universit\u00e9 de Yale, analysant, parfois de mani\u00e8re surprenante, la science derri\u00e8re nos sensations de bien-\u00eatre. <br><br>Les articles sur ce sujet en fran\u00e7ais ne manquent pas! Ici vous pouvez trouver une s\u00e9rie documentaire propos\u00e9e par Radio-Canada, intitul\u00e9e \u00ab La Soif du Bonheur \u00bb.<br><br><a href=\"https:\/\/ici.radio-canada.ca\/ohdio\/premiere\/grandes-series\/661\/lasoifdebonheur\" target=\"_self\"><em>https:\/\/ici.radio-canada.ca\/ohdio\/premiere\/grandes-series\/661\/lasoifdebonheur<\/em><\/a><\/span><\/p>\n\t<h3>VIRTUAL MEMORY CAF\u00c9S (r\u00e9seau anglophone)<\/h3>\n\t<p><a href=\"https:\/\/www.memorycafedirectory.com\/cafe-connect\/\" target=\"_blank\" rel=\"noopener\"><img loading=\"lazy\" decoding=\"async\" src=\"https:\/\/memorycafens.ca\/wp-content\/uploads\/2020\/04\/Cafe-Connect.jpg\" alt=\"\" width=\"300\" height=\"191\" \/><\/a><\/p>\n<p>Cette ann\u00e9e Memory Caf\u00e9 NS offrira un m\u00e9lange de caf\u00e9s en personne et virtuels. Pour la s\u00e9rie actuelle, cliquer ici: <a href=\"https:\/\/memorycafens.ca\/fr\/memory-cafe-nova-scotia-locations\/memory-cafe-resources\/series-5-home-page\/\">Series 5 Home Page<\/a>.<\/p>\n<p>Cliquez <a href=\"https:\/\/www.memorycafedirectory.com\/cafe-connect\/\" target=\"_blank\" rel=\"noopener\">ICI<\/a> to access a list of other Virtual Memory Cafes that you can easily join and participate in.<\/p>","protected":false},"excerpt":{"rendered":"<p>In the Unwind Section of activities below, we invite you to try these free resources to relax, stretch and enjoy your down time while at home! Compiled with best wishes from the Memory Caf\u00e9 team. Free Ebooks Thousands Of FREE&#8230; <\/p>\n<div class=\"readmore-section\"><a class=\"readmore-btn\" href=\"https:\/\/memorycafens.ca\/fr\/things-to-do\/\">Continue reading <i class=\"fa fa-arrow-right\"><\/i><\/a><\/div>","protected":false},"author":1,"featured_media":0,"parent":0,"menu_order":3,"comment_status":"closed","ping_status":"closed","template":"","meta":{"footnotes":""},"folder":[97],"class_list":["post-518","page","type-page","status-publish","hentry"],"yoast_head":"<!-- This site is optimized with the Yoast SEO plugin v27.4 - https:\/\/yoast.com\/product\/yoast-seo-wordpress\/ -->\n<title>UNWIND - Memory Caf&eacute; NS<\/title>\n<meta name=\"robots\" content=\"index, follow, max-snippet:-1, max-image-preview:large, max-video-preview:-1\" \/>\n<link rel=\"canonical\" href=\"https:\/\/memorycafens.ca\/fr\/things-to-do\/\" \/>\n<meta property=\"og:locale\" content=\"fr_CA\" \/>\n<meta property=\"og:type\" content=\"article\" \/>\n<meta property=\"og:title\" content=\"UNWIND - Memory Caf&eacute; NS\" \/>\n<meta property=\"og:description\" content=\"In the Unwind Section of activities below, we invite you to try these free resources to relax, stretch and enjoy your down time while at home! Compiled with best wishes from the Memory Caf\u00e9 team. Free Ebooks Thousands Of FREE... Continue reading\" \/>\n<meta property=\"og:url\" content=\"https:\/\/memorycafens.ca\/fr\/things-to-do\/\" \/>\n<meta property=\"og:site_name\" content=\"Memory Caf&eacute; NS\" \/>\n<meta property=\"article:modified_time\" content=\"2023-09-07T16:36:03+00:00\" \/>\n<meta property=\"og:image\" content=\"https:\/\/memorycafens.ca\/wp-content\/uploads\/2020\/04\/Ebook.jpg\" \/>\n<meta name=\"twitter:card\" content=\"summary_large_image\" \/>\n<meta name=\"twitter:label1\" content=\"Estimation du temps de lecture\" \/>\n\t<meta name=\"twitter:data1\" content=\"4 minutes\" \/>\n<script type=\"application\/ld+json\" class=\"yoast-schema-graph\">{\"@context\":\"https:\\\/\\\/schema.org\",\"@graph\":[{\"@type\":\"WebPage\",\"@id\":\"https:\\\/\\\/memorycafens.ca\\\/things-to-do\\\/\",\"url\":\"https:\\\/\\\/memorycafens.ca\\\/things-to-do\\\/\",\"name\":\"UNWIND - Memory Caf&eacute; NS\",\"isPartOf\":{\"@id\":\"https:\\\/\\\/memorycafens.ca\\\/#website\"},\"primaryImageOfPage\":{\"@id\":\"https:\\\/\\\/memorycafens.ca\\\/things-to-do\\\/#primaryimage\"},\"image\":{\"@id\":\"https:\\\/\\\/memorycafens.ca\\\/things-to-do\\\/#primaryimage\"},\"thumbnailUrl\":\"https:\\\/\\\/memorycafens.ca\\\/wp-content\\\/uploads\\\/2020\\\/04\\\/Ebook.jpg\",\"datePublished\":\"2020-04-05T12:36:40+00:00\",\"dateModified\":\"2023-09-07T16:36:03+00:00\",\"breadcrumb\":{\"@id\":\"https:\\\/\\\/memorycafens.ca\\\/things-to-do\\\/#breadcrumb\"},\"inLanguage\":\"fr-CA\",\"potentialAction\":[{\"@type\":\"ReadAction\",\"target\":[\"https:\\\/\\\/memorycafens.ca\\\/things-to-do\\\/\"]}]},{\"@type\":\"ImageObject\",\"inLanguage\":\"fr-CA\",\"@id\":\"https:\\\/\\\/memorycafens.ca\\\/things-to-do\\\/#primaryimage\",\"url\":\"https:\\\/\\\/memorycafens.ca\\\/wp-content\\\/uploads\\\/2020\\\/04\\\/Ebook.jpg\",\"contentUrl\":\"https:\\\/\\\/memorycafens.ca\\\/wp-content\\\/uploads\\\/2020\\\/04\\\/Ebook.jpg\"},{\"@type\":\"BreadcrumbList\",\"@id\":\"https:\\\/\\\/memorycafens.ca\\\/things-to-do\\\/#breadcrumb\",\"itemListElement\":[{\"@type\":\"ListItem\",\"position\":1,\"name\":\"Home\",\"item\":\"https:\\\/\\\/memorycafens.ca\\\/\"},{\"@type\":\"ListItem\",\"position\":2,\"name\":\"UNWIND\"}]},{\"@type\":\"WebSite\",\"@id\":\"https:\\\/\\\/memorycafens.ca\\\/#website\",\"url\":\"https:\\\/\\\/memorycafens.ca\\\/\",\"name\":\"Memory Caf\u00e9s NS\",\"description\":\"Memory Caf&eacute; NS\",\"publisher\":{\"@id\":\"https:\\\/\\\/memorycafens.ca\\\/#organization\"},\"potentialAction\":[{\"@type\":\"SearchAction\",\"target\":{\"@type\":\"EntryPoint\",\"urlTemplate\":\"https:\\\/\\\/memorycafens.ca\\\/?s={search_term_string}\"},\"query-input\":{\"@type\":\"PropertyValueSpecification\",\"valueRequired\":true,\"valueName\":\"search_term_string\"}}],\"inLanguage\":\"fr-CA\"},{\"@type\":\"Organization\",\"@id\":\"https:\\\/\\\/memorycafens.ca\\\/#organization\",\"name\":\"Memory Caf\u00e9 NS\",\"url\":\"https:\\\/\\\/memorycafens.ca\\\/\",\"logo\":{\"@type\":\"ImageObject\",\"inLanguage\":\"fr-CA\",\"@id\":\"https:\\\/\\\/memorycafens.ca\\\/#\\\/schema\\\/logo\\\/image\\\/\",\"url\":\"https:\\\/\\\/memorycafens.ca\\\/wp-content\\\/uploads\\\/2020\\\/02\\\/Tea-Cup-1-e1580588669255.png\",\"contentUrl\":\"https:\\\/\\\/memorycafens.ca\\\/wp-content\\\/uploads\\\/2020\\\/02\\\/Tea-Cup-1-e1580588669255.png\",\"width\":336,\"height\":137,\"caption\":\"Memory Caf\u00e9 NS\"},\"image\":{\"@id\":\"https:\\\/\\\/memorycafens.ca\\\/#\\\/schema\\\/logo\\\/image\\\/\"}}]}<\/script>\n<!-- \/ Yoast SEO plugin. -->","yoast_head_json":{"title":"UNWIND - Memory Caf&eacute; NS","robots":{"index":"index","follow":"follow","max-snippet":"max-snippet:-1","max-image-preview":"max-image-preview:large","max-video-preview":"max-video-preview:-1"},"canonical":"https:\/\/memorycafens.ca\/fr\/things-to-do\/","og_locale":"fr_CA","og_type":"article","og_title":"UNWIND - Memory Caf&eacute; NS","og_description":"In the Unwind Section of activities below, we invite you to try these free resources to relax, stretch and enjoy your down time while at home! Compiled with best wishes from the Memory Caf\u00e9 team. Free Ebooks Thousands Of FREE... Continue reading","og_url":"https:\/\/memorycafens.ca\/fr\/things-to-do\/","og_site_name":"Memory Caf&eacute; NS","article_modified_time":"2023-09-07T16:36:03+00:00","og_image":[{"url":"https:\/\/memorycafens.ca\/wp-content\/uploads\/2020\/04\/Ebook.jpg","type":"","width":"","height":""}],"twitter_card":"summary_large_image","twitter_misc":{"Estimation du temps de lecture":"4 minutes"},"schema":{"@context":"https:\/\/schema.org","@graph":[{"@type":"WebPage","@id":"https:\/\/memorycafens.ca\/things-to-do\/","url":"https:\/\/memorycafens.ca\/things-to-do\/","name":"UNWIND - Memory Caf&eacute; NS","isPartOf":{"@id":"https:\/\/memorycafens.ca\/#website"},"primaryImageOfPage":{"@id":"https:\/\/memorycafens.ca\/things-to-do\/#primaryimage"},"image":{"@id":"https:\/\/memorycafens.ca\/things-to-do\/#primaryimage"},"thumbnailUrl":"https:\/\/memorycafens.ca\/wp-content\/uploads\/2020\/04\/Ebook.jpg","datePublished":"2020-04-05T12:36:40+00:00","dateModified":"2023-09-07T16:36:03+00:00","breadcrumb":{"@id":"https:\/\/memorycafens.ca\/things-to-do\/#breadcrumb"},"inLanguage":"fr-CA","potentialAction":[{"@type":"ReadAction","target":["https:\/\/memorycafens.ca\/things-to-do\/"]}]},{"@type":"ImageObject","inLanguage":"fr-CA","@id":"https:\/\/memorycafens.ca\/things-to-do\/#primaryimage","url":"https:\/\/memorycafens.ca\/wp-content\/uploads\/2020\/04\/Ebook.jpg","contentUrl":"https:\/\/memorycafens.ca\/wp-content\/uploads\/2020\/04\/Ebook.jpg"},{"@type":"BreadcrumbList","@id":"https:\/\/memorycafens.ca\/things-to-do\/#breadcrumb","itemListElement":[{"@type":"ListItem","position":1,"name":"Home","item":"https:\/\/memorycafens.ca\/"},{"@type":"ListItem","position":2,"name":"UNWIND"}]},{"@type":"WebSite","@id":"https:\/\/memorycafens.ca\/#website","url":"https:\/\/memorycafens.ca\/","name":"Memory Caf\u00e9s NS","description":"Memory Caf&eacute; NS","publisher":{"@id":"https:\/\/memorycafens.ca\/#organization"},"potentialAction":[{"@type":"SearchAction","target":{"@type":"EntryPoint","urlTemplate":"https:\/\/memorycafens.ca\/?s={search_term_string}"},"query-input":{"@type":"PropertyValueSpecification","valueRequired":true,"valueName":"search_term_string"}}],"inLanguage":"fr-CA"},{"@type":"Organization","@id":"https:\/\/memorycafens.ca\/#organization","name":"Memory Caf\u00e9 NS","url":"https:\/\/memorycafens.ca\/","logo":{"@type":"ImageObject","inLanguage":"fr-CA","@id":"https:\/\/memorycafens.ca\/#\/schema\/logo\/image\/","url":"https:\/\/memorycafens.ca\/wp-content\/uploads\/2020\/02\/Tea-Cup-1-e1580588669255.png","contentUrl":"https:\/\/memorycafens.ca\/wp-content\/uploads\/2020\/02\/Tea-Cup-1-e1580588669255.png","width":336,"height":137,"caption":"Memory Caf\u00e9 NS"},"image":{"@id":"https:\/\/memorycafens.ca\/#\/schema\/logo\/image\/"}}]}},"_links":{"self":[{"href":"https:\/\/memorycafens.ca\/fr\/wp-json\/wp\/v2\/pages\/518","targetHints":{"allow":["GET"]}}],"collection":[{"href":"https:\/\/memorycafens.ca\/fr\/wp-json\/wp\/v2\/pages"}],"about":[{"href":"https:\/\/memorycafens.ca\/fr\/wp-json\/wp\/v2\/types\/page"}],"author":[{"embeddable":true,"href":"https:\/\/memorycafens.ca\/fr\/wp-json\/wp\/v2\/users\/1"}],"replies":[{"embeddable":true,"href":"https:\/\/memorycafens.ca\/fr\/wp-json\/wp\/v2\/comments?post=518"}],"version-history":[{"count":89,"href":"https:\/\/memorycafens.ca\/fr\/wp-json\/wp\/v2\/pages\/518\/revisions"}],"predecessor-version":[{"id":2773,"href":"https:\/\/memorycafens.ca\/fr\/wp-json\/wp\/v2\/pages\/518\/revisions\/2773"}],"wp:attachment":[{"href":"https:\/\/memorycafens.ca\/fr\/wp-json\/wp\/v2\/media?parent=518"}],"wp:term":[{"taxonomy":"folder","embeddable":true,"href":"https:\/\/memorycafens.ca\/fr\/wp-json\/wp\/v2\/folder?post=518"}],"curies":[{"name":"wp","href":"https:\/\/api.w.org\/{rel}","templated":true}]}}