{"id":43,"date":"2020-02-03T18:02:24","date_gmt":"2020-02-03T18:02:24","guid":{"rendered":"http:\/\/memorycafens.ca\/?page_id=43"},"modified":"2026-02-23T16:47:32","modified_gmt":"2026-02-23T16:47:32","slug":"welcome-to-memory-cafe-ns","status":"publish","type":"page","link":"https:\/\/memorycafens.ca\/fr\/","title":{"rendered":"HOME"},"content":{"rendered":"<h2><strong>Bienvenue \u00e0 Memory Caf\u00e9 NS!<\/strong><\/h2>\n<p>Nous sommes une initiative Collectivit\u00e9s-Amies des Ain\u00e9s qui vise \u00e0 am\u00e9liorer le bien-\u00eatre social de personnes \u00e2g\u00e9es souffrant de troubles de m\u00e9moire, ainsi que de leurs accompagnateurs et familles. Nous sommes un projet collaboratif non lucratif qui r\u00e9unit des municipalit\u00e9s, des entreprises locales, des artistes, des professionnels de la sant\u00e9, des organisations de soutien et des b\u00e9n\u00e9voles.<\/p>\n<p>Les caf\u00e9s tiennent une place centrale dans la vie sociale partout en Nouvelle-\u00c9cosse. Ce sont des lieux de rencontre privil\u00e9gi\u00e9s pour garantir que des adultes \u00e2g\u00e9s touch\u00e9s par des troubles neurocognitifs et de m\u00e9moire se sentent accueillis dans leur communaut\u00e9. Les Caf\u00e9s M\u00e9moire sont des rencontres positives et conviviales autour d\u2019une boisson chaude, agr\u00e9ment\u00e9es de conversation et de musique, dans un caf\u00e9 local.<\/p>\n\t\t\t<button type=\"button\" data-mfp-src=\"https:\/\/youtu.be\/7bB7qcFkhoY\">\n\t\t\t\t\t\tNOUVEAU! What Happens at a Memory Caf\u00e9\n\t\t\t\t\t<\/button>\n\t<p>Ce site a \u00e9t\u00e9 cr\u00e9\u00e9 pour aider \u00e0 promouvoir le concept du Caf\u00e9 M\u00e9moire \u00e0 travers la Nouvelle-\u00c9cosse. Cliquez sur <a href=\"https:\/\/memorycafens.ca\/fr\/memory-cafe-nova-scotia-locations\/memory-cafe-resources\/resources\/\">D\u00e9marrer un caf\u00e9<\/a>\u00a0pour trouver des id\u00e9es et des outils qui peuvent vous aider \u00e0 mettre en place votre propre Caf\u00e9 M\u00e9moire!<\/p>\n<p><em>Nous sommes reconnaissants du soutien offert par la Nova Scotia Mental Health Foundation et le Mud Creek Rotary Club. Leur appui financier aide \u00e0 am\u00e9liorer la qualit\u00e9 de vie des personnes souffrant de troubles neurocognitifs en Nlle-\u00c9cosse.<\/em><\/p>\n<p>If you&#8217;re just getting started click the button below to watch an excellent TEDx Talk on the value of Memory Caf\u00e9s.<\/p>\n\t\t\t<button type=\"button\" data-mfp-src=\"https:\/\/www.youtube.com\/watch?v=vje71rXP8Z0\">\n\t\t\t\t\t\tRegarder la Conf\u00e9rence TEDx\n\t\t\t\t\t<\/button>\n\t\t\t<a href=\"https:\/\/memorycafens.ca\/fr\/memory-cafe-nova-scotia-locations\/memory-cafe-resources\/series-3-home-page\/\"  target=\"_blank\" rel=\"noopener\">\n\t\t\t\t\t\t\tConsulter Notre S\u00e9rie Actuelle\n\t\t\t\t\t<\/a>\n\t\t\t\t\t<a role=\"heading\" aria-level=\"2\" tabindex=\"-1\"  id=\"fl-accordion--label-0\">Quelle est l\u2019origine des Caf\u00e9s M\u00e9moire?<\/a>\n\t\t\t\t\t\t\t\t\t\t\t<button type=\"button\" id=\"fl-accordion--icon-0\" aria-expanded=\"false\" aria-controls=\"fl-accordion--panel-0\"><i>Expand<\/i><\/button>\n\t\t\t\t\t<p>Les Caf\u00e9s M\u00e9moire ont \u00e9t\u00e9 cr\u00e9\u00e9s dans les ann\u00e9es 1990 par un psychologue N\u00e9erlandais, Bere Miesen, qui cherchait \u00e0 briser la stigmatisation autour de la d\u00e9mence s\u00e9nile en cr\u00e9ant des espaces sociaux accueillants pour des personnes \u00e2g\u00e9es souffrant de troubles neurocognitifs et leurs familles et accompagnateurs. Depuis cette \u00e9poque les Caf\u00e9s M\u00e9moire se sont multipli\u00e9s \u00e0 travers l\u2019Europe et l\u2019Am\u00e9rique du Nord.<\/p>\n\t\t\t\t\t<a role=\"heading\" aria-level=\"2\" tabindex=\"-1\"  id=\"fl-accordion--label-1\">Qu\u2019est-ce qui se passe dans un Caf\u00e9 M\u00e9moire?<\/a>\n\t\t\t\t\t\t\t\t\t\t\t<button type=\"button\" id=\"fl-accordion--icon-1\" aria-expanded=\"false\" aria-controls=\"fl-accordion--panel-1\"><i>Expand<\/i><\/button>\n\t\t\t\t\t<p>Les Caf\u00e9s M\u00e9moire peuvent prendre de nombreuses formes: ils peuvent avoir lieu dans des centres communautaires, ou des \u00e9glises, aussi bien que dans de v\u00e9ritables caf\u00e9s. Les participants au Caf\u00e9 M\u00e9moire se r\u00e9unissent pour se d\u00e9tendre, converser, et profiter d\u2019une activit\u00e9 ou de l\u2019\u00e9coute d\u2019un musicien invit\u00e9 sp\u00e9cialement au caf\u00e9. Bien s\u00fbr, on vient aussi pour d\u00e9guster une boisson chaude et une collation! Parfois on peut demander \u00e0 un\/e invit\u00e9\/e de partager des informations utiles concernant, par exemple, du soutien pour les aidants dans la r\u00e9gion, ou des ressources \u00e9ducatives sur les troubles de la m\u00e9moire, y compris des supports pour la d\u00e9mence, ou d\u2019autres ressources locales.<\/p>\n\t\t\t\t\t<a role=\"heading\" aria-level=\"2\" tabindex=\"-1\"  id=\"fl-accordion--label-2\">Pourquoi les Caf\u00e9 M\u00e9moire sont-ils importants?<\/a>\n\t\t\t\t\t\t\t\t\t\t\t<button type=\"button\" id=\"fl-accordion--icon-2\" aria-expanded=\"false\" aria-controls=\"fl-accordion--panel-2\"><i>Expand<\/i><\/button>\n\t\t\t\t\t<p>Les Caf\u00e9s M\u00e9moire sont des lieux de rencontre de choix, et fournissent un cadre p\u00e9renne \u00e0 faible co\u00fbt pour des rassemblements amicaux. La recherche montre que l\u2019isolation sociale pr\u00e9sente un facteur de risque significatif pour la sant\u00e9 mentale aussi bien des aidants que pour les personnes souffrant de troubles neurocognitifs . L\u2019\u00e9puisement des aidants est une des raisons principales pour laquelle les personnes atteintes de troubles neurocognitifs  entrent en maisons de soins de longue dur\u00e9e. La recherche montre \u00e9galement qu\u2019un des soucis majeurs des personnes atteintes de troubles neurocognitifs  est de pouvoir continuer \u00e0 se sentir bien \u00e0 leur place dans leur communaut\u00e9.\u00a0<\/p>\n\t\t\t\t\t<a role=\"heading\" aria-level=\"2\" tabindex=\"-1\"  id=\"fl-accordion--label-3\">Notre \u00c9quipe Memory Caf\u00e9 NS<\/a>\n\t\t\t\t\t\t\t\t\t\t\t<button type=\"button\" id=\"fl-accordion--icon-3\" aria-expanded=\"false\" aria-controls=\"fl-accordion--panel-3\"><i>Expand<\/i><\/button>\n\t\t\t\t\t<p><strong>Notre \u00c9quipe Memory Caf\u00e9 NS<\/strong><\/p>\n<p><strong>Responsable Provincial:<\/strong>\u00a0Beverley Cassidy MD, FRCP(C).<\/p>\n<p><strong>Gestionnaire de Projet:<\/strong> David Newcombe<\/p>\n<p><strong>Coordonnateurs Municipaux:<\/strong> Nick Zamora and Luke Moffatt (Wolfville), Ashley Sheffield (Kentville), Sheila Schuehlein and Paula Jacobs (Cape Breton), Tori Comeau (Meteghan), Natalie D&#8217;entremont and Darcy D&#8217;Eon \u00a0(Argyle), Tissy Bolivar (Bridgewater), Lisa Locke and Shawna Symonds (Shelburne), Jody Conrad (Chester) and Anne Belliveau (Tantallon).<\/p>\n<p><strong>Provincial Arts Consultant:<\/strong> Elizabeth Sircom<\/p>\n<p><strong>Conception des S\u00e9ries:<\/strong> Mary Sheridan Bates<\/p>\n<p><strong>Memory Caf\u00e9 Facilitator Leads:<\/strong>\u00a0 Kevin West, Mary Sheridan Bates<\/p>\n<p><strong>Conception du site et TI:<\/strong>\u00a0David Newcombe<\/p>\n<p><strong>Website Translation:<\/strong> Elizabeth Sircom<\/p>\n<p><strong>Consultants Provinciaux et membres \u00e0 titre personnel:<\/strong> \u00a0Erika Deon, S.W., Erica MacInnis, S.W., Jesse Van Gestel, Gina Newcombe et Roger Bolt<\/p>\n<p><strong>&#8220;Facilitator&#8221; and Quality Assurance Research:<\/strong> Alex Whynot, MD<\/p>\n<p><strong>Organismes de Soutien:<\/strong> Nous reconnaissons le soutien g\u00e9n\u00e9reux des organismes suivants:<\/p>\n<p>The Mental Health Foundation of Nova Scotia<\/p>\n<p>Le Mud Creek Rotary Club<\/p>\n<p>Les villes de Wolfville, Kentville, Digby, Meteghan, Argyle\/Clare, Chester,  Bridgewater, Shelburne, Tantallon and Cape Breton Region pour leur soutien en nature de Memory Caf\u00e9 NS<\/p>\n<p>The Government of Canada&#8217;s New Horizons for Seniors Program<\/p>","protected":false},"excerpt":{"rendered":"<p>Welcome to Memory Caf\u00e9 NS! We are an Age-Friendly Communities Initiative to improve social and emotional well-being for older adults with memory challenges and their care partners and families. We are a nonprofit collaborative project between municipalities, local businesses, artists,&#8230; <\/p>\n<div class=\"readmore-section\"><a class=\"readmore-btn\" href=\"https:\/\/memorycafens.ca\/fr\/\">Continue reading <i class=\"fa fa-arrow-right\"><\/i><\/a><\/div>","protected":false},"author":1,"featured_media":0,"parent":0,"menu_order":2,"comment_status":"closed","ping_status":"closed","template":"","meta":{"footnotes":""},"folder":[97],"class_list":["post-43","page","type-page","status-publish","hentry"],"yoast_head":"<!-- This site is optimized with the Yoast SEO plugin v27.4 - https:\/\/yoast.com\/product\/yoast-seo-wordpress\/ -->\n<title>HOME - Memory Caf&eacute; NS<\/title>\n<meta name=\"robots\" content=\"index, follow, max-snippet:-1, max-image-preview:large, max-video-preview:-1\" \/>\n<link rel=\"canonical\" href=\"https:\/\/memorycafens.ca\/fr\/\" \/>\n<meta property=\"og:locale\" content=\"fr_CA\" \/>\n<meta property=\"og:type\" content=\"article\" \/>\n<meta property=\"og:title\" content=\"HOME - Memory Caf&eacute; NS\" \/>\n<meta property=\"og:description\" content=\"Welcome to Memory Caf\u00e9 NS! We are an Age-Friendly Communities Initiative to improve social and emotional well-being for older adults with memory challenges and their care partners and families. We are a nonprofit collaborative project between municipalities, local businesses, artists,... Continue reading\" \/>\n<meta property=\"og:url\" content=\"https:\/\/memorycafens.ca\/fr\/\" \/>\n<meta property=\"og:site_name\" content=\"Memory Caf&eacute; NS\" \/>\n<meta property=\"article:modified_time\" content=\"2026-02-23T16:47:32+00:00\" \/>\n<meta name=\"twitter:card\" content=\"summary_large_image\" \/>\n<meta name=\"twitter:label1\" content=\"Estimation du temps de lecture\" \/>\n\t<meta name=\"twitter:data1\" content=\"3 minutes\" \/>\n<script type=\"application\/ld+json\" class=\"yoast-schema-graph\">{\"@context\":\"https:\\\/\\\/schema.org\",\"@graph\":[{\"@type\":\"WebPage\",\"@id\":\"https:\\\/\\\/memorycafens.ca\\\/\",\"url\":\"https:\\\/\\\/memorycafens.ca\\\/\",\"name\":\"HOME - Memory Caf&eacute; NS\",\"isPartOf\":{\"@id\":\"https:\\\/\\\/memorycafens.ca\\\/#website\"},\"datePublished\":\"2020-02-03T18:02:24+00:00\",\"dateModified\":\"2026-02-23T16:47:32+00:00\",\"breadcrumb\":{\"@id\":\"https:\\\/\\\/memorycafens.ca\\\/#breadcrumb\"},\"inLanguage\":\"fr-CA\",\"potentialAction\":[{\"@type\":\"ReadAction\",\"target\":[\"https:\\\/\\\/memorycafens.ca\\\/\"]}]},{\"@type\":\"BreadcrumbList\",\"@id\":\"https:\\\/\\\/memorycafens.ca\\\/#breadcrumb\",\"itemListElement\":[{\"@type\":\"ListItem\",\"position\":1,\"name\":\"Home\",\"item\":\"https:\\\/\\\/memorycafens.ca\\\/\"},{\"@type\":\"ListItem\",\"position\":2,\"name\":\"HOME\"}]},{\"@type\":\"WebSite\",\"@id\":\"https:\\\/\\\/memorycafens.ca\\\/#website\",\"url\":\"https:\\\/\\\/memorycafens.ca\\\/\",\"name\":\"Memory Caf\u00e9s NS\",\"description\":\"Memory Caf&eacute; NS\",\"publisher\":{\"@id\":\"https:\\\/\\\/memorycafens.ca\\\/#organization\"},\"potentialAction\":[{\"@type\":\"SearchAction\",\"target\":{\"@type\":\"EntryPoint\",\"urlTemplate\":\"https:\\\/\\\/memorycafens.ca\\\/?s={search_term_string}\"},\"query-input\":{\"@type\":\"PropertyValueSpecification\",\"valueRequired\":true,\"valueName\":\"search_term_string\"}}],\"inLanguage\":\"fr-CA\"},{\"@type\":\"Organization\",\"@id\":\"https:\\\/\\\/memorycafens.ca\\\/#organization\",\"name\":\"Memory Caf\u00e9 NS\",\"url\":\"https:\\\/\\\/memorycafens.ca\\\/\",\"logo\":{\"@type\":\"ImageObject\",\"inLanguage\":\"fr-CA\",\"@id\":\"https:\\\/\\\/memorycafens.ca\\\/#\\\/schema\\\/logo\\\/image\\\/\",\"url\":\"https:\\\/\\\/memorycafens.ca\\\/wp-content\\\/uploads\\\/2020\\\/02\\\/Tea-Cup-1-e1580588669255.png\",\"contentUrl\":\"https:\\\/\\\/memorycafens.ca\\\/wp-content\\\/uploads\\\/2020\\\/02\\\/Tea-Cup-1-e1580588669255.png\",\"width\":336,\"height\":137,\"caption\":\"Memory Caf\u00e9 NS\"},\"image\":{\"@id\":\"https:\\\/\\\/memorycafens.ca\\\/#\\\/schema\\\/logo\\\/image\\\/\"}}]}<\/script>\n<!-- \/ Yoast SEO plugin. -->","yoast_head_json":{"title":"HOME - Memory Caf&eacute; NS","robots":{"index":"index","follow":"follow","max-snippet":"max-snippet:-1","max-image-preview":"max-image-preview:large","max-video-preview":"max-video-preview:-1"},"canonical":"https:\/\/memorycafens.ca\/fr\/","og_locale":"fr_CA","og_type":"article","og_title":"HOME - Memory Caf&eacute; NS","og_description":"Welcome to Memory Caf\u00e9 NS! We are an Age-Friendly Communities Initiative to improve social and emotional well-being for older adults with memory challenges and their care partners and families. We are a nonprofit collaborative project between municipalities, local businesses, artists,... Continue reading","og_url":"https:\/\/memorycafens.ca\/fr\/","og_site_name":"Memory Caf&eacute; NS","article_modified_time":"2026-02-23T16:47:32+00:00","twitter_card":"summary_large_image","twitter_misc":{"Estimation du temps de lecture":"3 minutes"},"schema":{"@context":"https:\/\/schema.org","@graph":[{"@type":"WebPage","@id":"https:\/\/memorycafens.ca\/","url":"https:\/\/memorycafens.ca\/","name":"HOME - Memory Caf&eacute; NS","isPartOf":{"@id":"https:\/\/memorycafens.ca\/#website"},"datePublished":"2020-02-03T18:02:24+00:00","dateModified":"2026-02-23T16:47:32+00:00","breadcrumb":{"@id":"https:\/\/memorycafens.ca\/#breadcrumb"},"inLanguage":"fr-CA","potentialAction":[{"@type":"ReadAction","target":["https:\/\/memorycafens.ca\/"]}]},{"@type":"BreadcrumbList","@id":"https:\/\/memorycafens.ca\/#breadcrumb","itemListElement":[{"@type":"ListItem","position":1,"name":"Home","item":"https:\/\/memorycafens.ca\/"},{"@type":"ListItem","position":2,"name":"HOME"}]},{"@type":"WebSite","@id":"https:\/\/memorycafens.ca\/#website","url":"https:\/\/memorycafens.ca\/","name":"Memory Caf\u00e9s NS","description":"Memory Caf&eacute; NS","publisher":{"@id":"https:\/\/memorycafens.ca\/#organization"},"potentialAction":[{"@type":"SearchAction","target":{"@type":"EntryPoint","urlTemplate":"https:\/\/memorycafens.ca\/?s={search_term_string}"},"query-input":{"@type":"PropertyValueSpecification","valueRequired":true,"valueName":"search_term_string"}}],"inLanguage":"fr-CA"},{"@type":"Organization","@id":"https:\/\/memorycafens.ca\/#organization","name":"Memory Caf\u00e9 NS","url":"https:\/\/memorycafens.ca\/","logo":{"@type":"ImageObject","inLanguage":"fr-CA","@id":"https:\/\/memorycafens.ca\/#\/schema\/logo\/image\/","url":"https:\/\/memorycafens.ca\/wp-content\/uploads\/2020\/02\/Tea-Cup-1-e1580588669255.png","contentUrl":"https:\/\/memorycafens.ca\/wp-content\/uploads\/2020\/02\/Tea-Cup-1-e1580588669255.png","width":336,"height":137,"caption":"Memory Caf\u00e9 NS"},"image":{"@id":"https:\/\/memorycafens.ca\/#\/schema\/logo\/image\/"}}]}},"_links":{"self":[{"href":"https:\/\/memorycafens.ca\/fr\/wp-json\/wp\/v2\/pages\/43","targetHints":{"allow":["GET"]}}],"collection":[{"href":"https:\/\/memorycafens.ca\/fr\/wp-json\/wp\/v2\/pages"}],"about":[{"href":"https:\/\/memorycafens.ca\/fr\/wp-json\/wp\/v2\/types\/page"}],"author":[{"embeddable":true,"href":"https:\/\/memorycafens.ca\/fr\/wp-json\/wp\/v2\/users\/1"}],"replies":[{"embeddable":true,"href":"https:\/\/memorycafens.ca\/fr\/wp-json\/wp\/v2\/comments?post=43"}],"version-history":[{"count":11,"href":"https:\/\/memorycafens.ca\/fr\/wp-json\/wp\/v2\/pages\/43\/revisions"}],"predecessor-version":[{"id":3744,"href":"https:\/\/memorycafens.ca\/fr\/wp-json\/wp\/v2\/pages\/43\/revisions\/3744"}],"wp:attachment":[{"href":"https:\/\/memorycafens.ca\/fr\/wp-json\/wp\/v2\/media?parent=43"}],"wp:term":[{"taxonomy":"folder","embeddable":true,"href":"https:\/\/memorycafens.ca\/fr\/wp-json\/wp\/v2\/folder?post=43"}],"curies":[{"name":"wp","href":"https:\/\/api.w.org\/{rel}","templated":true}]}}