{"id":3629,"date":"2025-11-25T14:16:00","date_gmt":"2025-11-25T14:16:00","guid":{"rendered":"https:\/\/memorycafens.ca\/?page_id=3629"},"modified":"2025-11-25T16:49:04","modified_gmt":"2025-11-25T16:49:04","slug":"fall-river","status":"publish","type":"page","link":"https:\/\/memorycafens.ca\/fr\/memory-cafe-nova-scotia-locations\/fall-river\/","title":{"rendered":"Fall River"},"content":{"rendered":"<img decoding=\"async\" src=\"https:\/\/memorycafens.ca\/wp-content\/uploads\/2025\/11\/LFW-Logo.png\" alt=\"LFW Logo\" itemprop=\"image\" height=\"139\" width=\"278\" title=\"LFW Logo\" onerror=\"this.style.display='none'\" loading=\"lazy\" \/>\n\t<h2><strong><em>Fall River accueille un Caf\u00e9 M\u00e9moire!<\/em><\/strong><\/h2>\n<hr \/>\n<p class=\"translation-block\">Un nouveau Caf\u00e9 M\u00e9moire arrive \u00e0 Fall River! Venez nous rejoindre au LFW Community Hall, 843 Fall River Road. Le caf\u00e9 m\u00e9moire est une rencontre sociale pour les personnes vivant avec des troubles de m\u00e9moire, accompagn\u00e9es de leurs aidants, ou membres de leur famille.<\/p>\n<p>C\u2019est un cadre accueillant o\u00f9 vous pourrez prendre un caf\u00e9 ou un th\u00e9, accompagn\u00e9 d\u2019une collation, et converser avec de nouveaux amis. Venez y rencontrer des artistes invit\u00e9s qui vous raconteront des histoires et partageront leur musique, leur po\u00e9sie ou leurs cr\u00e9ations artistiques. Vous \u00eates invit\u00e9s \u00e0 venir essayer -- aucune exp\u00e9rience pr\u00e9alable n\u2019est n\u00e9cessaire!<\/p>\n<p>Pour vous inscrire, envoyez un courriel \u00e0 Debbie Young : <a href=\"\/fr\/&\/#x6d;&#97;&#x69;&#x6c;&#116;&#x6f;&#58;d&#x73;&#110;o&#x77;&#105;e&#x40;&#104;o&#x74;&#109;&#x61;&#x69;&#108;&#x2e;&#x63;&#111;&#x6d;\" target=\"_blank\" rel=\"noopener\">&#x64;&#x73;&#110;o&#x77;&#x69;&#101;&#64;h&#x6f;&#x74;&#109;a&#x69;&#x6c;&#46;&#99;o&#x6d;<\/a>.<\/p>\n\t<iframe src=\"https:\/\/www.google.com\/maps\/embed\/v1\/place?q=LFW+Community+Hall%2C+843+Fall+River+Road%2C+Fall+River&#038;key=AIzaSyD09zQ9PNDNNy9TadMuzRV_UsPUoWKntt8\" aria-hidden=\"true\"><\/iframe>\n\t\t\t\t<img decoding=\"async\" src=\"https:\/\/memorycafens.ca\/wp-content\/uploads\/2025\/11\/Fall-River-Poster-v2.jpg\" alt=\"Fall River Poster v2\" itemprop=\"image\" height=\"2304\" width=\"1728\" title=\"Fall River Poster v2\" onerror=\"this.style.display='none'\" loading=\"lazy\" \/>","protected":false},"excerpt":{"rendered":"<p>Fall River is hosting a Memory Caf\u00e9! A new Memory Caf\u00e9 is coming to Fall River! Please join us at the LFW Community Hall on 843 Fall River Road. This is a\u00a0new social event for individuals living with memory challenges&#8230; <\/p>\n<div class=\"readmore-section\"><a class=\"readmore-btn\" href=\"https:\/\/memorycafens.ca\/fr\/memory-cafe-nova-scotia-locations\/fall-river\/\">Continue reading <i class=\"fa fa-arrow-right\"><\/i><\/a><\/div>","protected":false},"author":1,"featured_media":0,"parent":45,"menu_order":4,"comment_status":"closed","ping_status":"closed","template":"","meta":{"footnotes":""},"folder":[99],"class_list":["post-3629","page","type-page","status-publish","hentry"],"yoast_head":"<!-- This site is optimized with the Yoast SEO plugin v27.4 - https:\/\/yoast.com\/product\/yoast-seo-wordpress\/ -->\n<title>Fall River - Memory Caf&eacute; NS<\/title>\n<meta name=\"robots\" content=\"index, follow, max-snippet:-1, max-image-preview:large, max-video-preview:-1\" \/>\n<link rel=\"canonical\" href=\"https:\/\/memorycafens.ca\/fr\/memory-cafe-nova-scotia-locations\/fall-river\/\" \/>\n<meta property=\"og:locale\" content=\"fr_CA\" \/>\n<meta property=\"og:type\" content=\"article\" \/>\n<meta property=\"og:title\" content=\"Fall River - Memory Caf&eacute; NS\" \/>\n<meta property=\"og:description\" content=\"Fall River is hosting a Memory Caf\u00e9! A new Memory Caf\u00e9 is coming to Fall River! Please join us at the LFW Community Hall on 843 Fall River Road. This is a\u00a0new social event for individuals living with memory challenges... Continue reading\" \/>\n<meta property=\"og:url\" content=\"https:\/\/memorycafens.ca\/fr\/memory-cafe-nova-scotia-locations\/fall-river\/\" \/>\n<meta property=\"og:site_name\" content=\"Memory Caf&eacute; NS\" \/>\n<meta property=\"article:modified_time\" content=\"2025-11-25T16:49:04+00:00\" \/>\n<meta property=\"og:image\" content=\"https:\/\/memorycafens.ca\/wp-content\/uploads\/2025\/11\/LFW-Logo.png\" \/>\n<meta name=\"twitter:card\" content=\"summary_large_image\" \/>\n<meta name=\"twitter:label1\" content=\"Estimation du temps de lecture\" \/>\n\t<meta name=\"twitter:data1\" content=\"1 minute\" \/>\n<script type=\"application\/ld+json\" class=\"yoast-schema-graph\">{\"@context\":\"https:\\\/\\\/schema.org\",\"@graph\":[{\"@type\":\"WebPage\",\"@id\":\"https:\\\/\\\/memorycafens.ca\\\/memory-cafe-nova-scotia-locations\\\/fall-river\\\/\",\"url\":\"https:\\\/\\\/memorycafens.ca\\\/memory-cafe-nova-scotia-locations\\\/fall-river\\\/\",\"name\":\"Fall River - Memory Caf&eacute; NS\",\"isPartOf\":{\"@id\":\"https:\\\/\\\/memorycafens.ca\\\/#website\"},\"primaryImageOfPage\":{\"@id\":\"https:\\\/\\\/memorycafens.ca\\\/memory-cafe-nova-scotia-locations\\\/fall-river\\\/#primaryimage\"},\"image\":{\"@id\":\"https:\\\/\\\/memorycafens.ca\\\/memory-cafe-nova-scotia-locations\\\/fall-river\\\/#primaryimage\"},\"thumbnailUrl\":\"https:\\\/\\\/memorycafens.ca\\\/wp-content\\\/uploads\\\/2025\\\/11\\\/LFW-Logo.png\",\"datePublished\":\"2025-11-25T14:16:00+00:00\",\"dateModified\":\"2025-11-25T16:49:04+00:00\",\"breadcrumb\":{\"@id\":\"https:\\\/\\\/memorycafens.ca\\\/memory-cafe-nova-scotia-locations\\\/fall-river\\\/#breadcrumb\"},\"inLanguage\":\"fr-CA\",\"potentialAction\":[{\"@type\":\"ReadAction\",\"target\":[\"https:\\\/\\\/memorycafens.ca\\\/memory-cafe-nova-scotia-locations\\\/fall-river\\\/\"]}]},{\"@type\":\"ImageObject\",\"inLanguage\":\"fr-CA\",\"@id\":\"https:\\\/\\\/memorycafens.ca\\\/memory-cafe-nova-scotia-locations\\\/fall-river\\\/#primaryimage\",\"url\":\"https:\\\/\\\/memorycafens.ca\\\/wp-content\\\/uploads\\\/2025\\\/11\\\/LFW-Logo.png\",\"contentUrl\":\"https:\\\/\\\/memorycafens.ca\\\/wp-content\\\/uploads\\\/2025\\\/11\\\/LFW-Logo.png\"},{\"@type\":\"BreadcrumbList\",\"@id\":\"https:\\\/\\\/memorycafens.ca\\\/memory-cafe-nova-scotia-locations\\\/fall-river\\\/#breadcrumb\",\"itemListElement\":[{\"@type\":\"ListItem\",\"position\":1,\"name\":\"Home\",\"item\":\"https:\\\/\\\/memorycafens.ca\\\/\"},{\"@type\":\"ListItem\",\"position\":2,\"name\":\"LOCATIONS MENU\",\"item\":\"https:\\\/\\\/memorycafens.ca\\\/memory-cafe-nova-scotia-locations\\\/\"},{\"@type\":\"ListItem\",\"position\":3,\"name\":\"Fall River\"}]},{\"@type\":\"WebSite\",\"@id\":\"https:\\\/\\\/memorycafens.ca\\\/#website\",\"url\":\"https:\\\/\\\/memorycafens.ca\\\/\",\"name\":\"Memory Caf\u00e9s NS\",\"description\":\"Memory Caf&eacute; NS\",\"publisher\":{\"@id\":\"https:\\\/\\\/memorycafens.ca\\\/#organization\"},\"potentialAction\":[{\"@type\":\"SearchAction\",\"target\":{\"@type\":\"EntryPoint\",\"urlTemplate\":\"https:\\\/\\\/memorycafens.ca\\\/?s={search_term_string}\"},\"query-input\":{\"@type\":\"PropertyValueSpecification\",\"valueRequired\":true,\"valueName\":\"search_term_string\"}}],\"inLanguage\":\"fr-CA\"},{\"@type\":\"Organization\",\"@id\":\"https:\\\/\\\/memorycafens.ca\\\/#organization\",\"name\":\"Memory Caf\u00e9 NS\",\"url\":\"https:\\\/\\\/memorycafens.ca\\\/\",\"logo\":{\"@type\":\"ImageObject\",\"inLanguage\":\"fr-CA\",\"@id\":\"https:\\\/\\\/memorycafens.ca\\\/#\\\/schema\\\/logo\\\/image\\\/\",\"url\":\"https:\\\/\\\/memorycafens.ca\\\/wp-content\\\/uploads\\\/2020\\\/02\\\/Tea-Cup-1-e1580588669255.png\",\"contentUrl\":\"https:\\\/\\\/memorycafens.ca\\\/wp-content\\\/uploads\\\/2020\\\/02\\\/Tea-Cup-1-e1580588669255.png\",\"width\":336,\"height\":137,\"caption\":\"Memory Caf\u00e9 NS\"},\"image\":{\"@id\":\"https:\\\/\\\/memorycafens.ca\\\/#\\\/schema\\\/logo\\\/image\\\/\"}}]}<\/script>\n<!-- \/ Yoast SEO plugin. -->","yoast_head_json":{"title":"Fall River - Memory Caf&eacute; NS","robots":{"index":"index","follow":"follow","max-snippet":"max-snippet:-1","max-image-preview":"max-image-preview:large","max-video-preview":"max-video-preview:-1"},"canonical":"https:\/\/memorycafens.ca\/fr\/memory-cafe-nova-scotia-locations\/fall-river\/","og_locale":"fr_CA","og_type":"article","og_title":"Fall River - Memory Caf&eacute; NS","og_description":"Fall River is hosting a Memory Caf\u00e9! A new Memory Caf\u00e9 is coming to Fall River! Please join us at the LFW Community Hall on 843 Fall River Road. This is a\u00a0new social event for individuals living with memory challenges... Continue reading","og_url":"https:\/\/memorycafens.ca\/fr\/memory-cafe-nova-scotia-locations\/fall-river\/","og_site_name":"Memory Caf&eacute; NS","article_modified_time":"2025-11-25T16:49:04+00:00","og_image":[{"url":"https:\/\/memorycafens.ca\/wp-content\/uploads\/2025\/11\/LFW-Logo.png","type":"","width":"","height":""}],"twitter_card":"summary_large_image","twitter_misc":{"Estimation du temps de lecture":"1 minute"},"schema":{"@context":"https:\/\/schema.org","@graph":[{"@type":"WebPage","@id":"https:\/\/memorycafens.ca\/memory-cafe-nova-scotia-locations\/fall-river\/","url":"https:\/\/memorycafens.ca\/memory-cafe-nova-scotia-locations\/fall-river\/","name":"Fall River - Memory Caf&eacute; NS","isPartOf":{"@id":"https:\/\/memorycafens.ca\/#website"},"primaryImageOfPage":{"@id":"https:\/\/memorycafens.ca\/memory-cafe-nova-scotia-locations\/fall-river\/#primaryimage"},"image":{"@id":"https:\/\/memorycafens.ca\/memory-cafe-nova-scotia-locations\/fall-river\/#primaryimage"},"thumbnailUrl":"https:\/\/memorycafens.ca\/wp-content\/uploads\/2025\/11\/LFW-Logo.png","datePublished":"2025-11-25T14:16:00+00:00","dateModified":"2025-11-25T16:49:04+00:00","breadcrumb":{"@id":"https:\/\/memorycafens.ca\/memory-cafe-nova-scotia-locations\/fall-river\/#breadcrumb"},"inLanguage":"fr-CA","potentialAction":[{"@type":"ReadAction","target":["https:\/\/memorycafens.ca\/memory-cafe-nova-scotia-locations\/fall-river\/"]}]},{"@type":"ImageObject","inLanguage":"fr-CA","@id":"https:\/\/memorycafens.ca\/memory-cafe-nova-scotia-locations\/fall-river\/#primaryimage","url":"https:\/\/memorycafens.ca\/wp-content\/uploads\/2025\/11\/LFW-Logo.png","contentUrl":"https:\/\/memorycafens.ca\/wp-content\/uploads\/2025\/11\/LFW-Logo.png"},{"@type":"BreadcrumbList","@id":"https:\/\/memorycafens.ca\/memory-cafe-nova-scotia-locations\/fall-river\/#breadcrumb","itemListElement":[{"@type":"ListItem","position":1,"name":"Home","item":"https:\/\/memorycafens.ca\/"},{"@type":"ListItem","position":2,"name":"LOCATIONS MENU","item":"https:\/\/memorycafens.ca\/memory-cafe-nova-scotia-locations\/"},{"@type":"ListItem","position":3,"name":"Fall River"}]},{"@type":"WebSite","@id":"https:\/\/memorycafens.ca\/#website","url":"https:\/\/memorycafens.ca\/","name":"Memory Caf\u00e9s NS","description":"Memory Caf&eacute; NS","publisher":{"@id":"https:\/\/memorycafens.ca\/#organization"},"potentialAction":[{"@type":"SearchAction","target":{"@type":"EntryPoint","urlTemplate":"https:\/\/memorycafens.ca\/?s={search_term_string}"},"query-input":{"@type":"PropertyValueSpecification","valueRequired":true,"valueName":"search_term_string"}}],"inLanguage":"fr-CA"},{"@type":"Organization","@id":"https:\/\/memorycafens.ca\/#organization","name":"Memory Caf\u00e9 NS","url":"https:\/\/memorycafens.ca\/","logo":{"@type":"ImageObject","inLanguage":"fr-CA","@id":"https:\/\/memorycafens.ca\/#\/schema\/logo\/image\/","url":"https:\/\/memorycafens.ca\/wp-content\/uploads\/2020\/02\/Tea-Cup-1-e1580588669255.png","contentUrl":"https:\/\/memorycafens.ca\/wp-content\/uploads\/2020\/02\/Tea-Cup-1-e1580588669255.png","width":336,"height":137,"caption":"Memory Caf\u00e9 NS"},"image":{"@id":"https:\/\/memorycafens.ca\/#\/schema\/logo\/image\/"}}]}},"_links":{"self":[{"href":"https:\/\/memorycafens.ca\/fr\/wp-json\/wp\/v2\/pages\/3629","targetHints":{"allow":["GET"]}}],"collection":[{"href":"https:\/\/memorycafens.ca\/fr\/wp-json\/wp\/v2\/pages"}],"about":[{"href":"https:\/\/memorycafens.ca\/fr\/wp-json\/wp\/v2\/types\/page"}],"author":[{"embeddable":true,"href":"https:\/\/memorycafens.ca\/fr\/wp-json\/wp\/v2\/users\/1"}],"replies":[{"embeddable":true,"href":"https:\/\/memorycafens.ca\/fr\/wp-json\/wp\/v2\/comments?post=3629"}],"version-history":[{"count":5,"href":"https:\/\/memorycafens.ca\/fr\/wp-json\/wp\/v2\/pages\/3629\/revisions"}],"predecessor-version":[{"id":3653,"href":"https:\/\/memorycafens.ca\/fr\/wp-json\/wp\/v2\/pages\/3629\/revisions\/3653"}],"up":[{"embeddable":true,"href":"https:\/\/memorycafens.ca\/fr\/wp-json\/wp\/v2\/pages\/45"}],"wp:attachment":[{"href":"https:\/\/memorycafens.ca\/fr\/wp-json\/wp\/v2\/media?parent=3629"}],"wp:term":[{"taxonomy":"folder","embeddable":true,"href":"https:\/\/memorycafens.ca\/fr\/wp-json\/wp\/v2\/folder?post=3629"}],"curies":[{"name":"wp","href":"https:\/\/api.w.org\/{rel}","templated":true}]}}