{"id":3546,"date":"2025-08-01T15:37:45","date_gmt":"2025-08-01T15:37:45","guid":{"rendered":"https:\/\/memorycafens.ca\/?page_id=3546"},"modified":"2026-01-05T14:21:32","modified_gmt":"2026-01-05T14:21:32","slug":"baddeck","status":"publish","type":"page","link":"https:\/\/memorycafens.ca\/fr\/memory-cafe-nova-scotia-locations\/baddeck\/","title":{"rendered":"Baddeck"},"content":{"rendered":"<img decoding=\"async\" src=\"https:\/\/memorycafens.ca\/wp-content\/uploads\/2025\/08\/CBRM-Logo.png\" alt=\"CBRM Logo\" itemprop=\"image\" height=\"143\" width=\"353\" title=\"CBRM Logo\" onerror=\"this.style.display='none'\" loading=\"lazy\" \/>\n\t<h2><strong><em>Au Cap Breton, Baddeck accueille un Caf\u00e9 M\u00e9moire!<\/em><\/strong><\/h2>\n<hr \/>\n<p>A new Memory Caf\u00e9 is coming to Baddeck! Please join us at the Baddeck Public Library on 520 Chebucto St. This is a\u00a0new social event for individuals living with memory challenges along with their family members and care partners.<\/p>\n<p>C\u2019est un cadre accueillant o\u00f9 vous pourrez prendre un caf\u00e9 ou un th\u00e9, accompagn\u00e9 d\u2019une collation, et converser avec de nouveaux amis. Venez y rencontrer des artistes invit\u00e9s qui vous raconteront des histoires et partageront leur musique, leur po\u00e9sie ou leurs cr\u00e9ations artistiques. Vous \u00eates invit\u00e9s \u00e0 venir essayer -- aucune exp\u00e9rience pr\u00e9alable n\u2019est n\u00e9cessaire!<\/p>\n<p>Pour vous inscrire, veuillez envoyer un courriel \u00e0: <a href=\"\/fr\/&\/#x6d;&#x61;&#105;&#108;to&#x3a;&#x62;&#x61;&#100;de&#x63;&#x6b;&#x40;&#99;&#98;r&#x6c;&#x2e;&#x63;&#97;\">&#x62;a&#x64;&#100;&#x65;&#99;k&#x40;c&#x62;&#114;&#x6c;&#46;c&#x61;<\/a> or call (902) 259-2055.<\/p>\n\t\t\t\t<img decoding=\"async\" src=\"https:\/\/memorycafens.ca\/wp-content\/uploads\/2025\/12\/Baddeck-Poster-v3.jpg\" alt=\"Baddeck Poster v3\" itemprop=\"image\" height=\"2304\" width=\"1728\" title=\"Baddeck Poster v3\" onerror=\"this.style.display='none'\" loading=\"lazy\" \/>\n\t<iframe src=\"https:\/\/www.google.com\/maps\/embed\/v1\/place?q=Baddeck+Public+Library%2C+520+Chebucto+St.+Baddeck+NS&#038;key=AIzaSyD09zQ9PNDNNy9TadMuzRV_UsPUoWKntt8\" aria-hidden=\"true\"><\/iframe>","protected":false},"excerpt":{"rendered":"<p>Baddeck, Cape Breton is hosting a Memory Caf\u00e9! A new Memory Caf\u00e9 is coming to Baddeck! Please join us at the Baddeck Public Library on 520 Chebucto St. This is a\u00a0new social event for individuals living with memory challenges along&#8230; <\/p>\n<div class=\"readmore-section\"><a class=\"readmore-btn\" href=\"https:\/\/memorycafens.ca\/fr\/memory-cafe-nova-scotia-locations\/baddeck\/\">Continue reading <i class=\"fa fa-arrow-right\"><\/i><\/a><\/div>","protected":false},"author":1,"featured_media":0,"parent":45,"menu_order":4,"comment_status":"closed","ping_status":"closed","template":"","meta":{"footnotes":""},"folder":[99],"class_list":["post-3546","page","type-page","status-publish","hentry"],"yoast_head":"<!-- This site is optimized with the Yoast SEO plugin v27.4 - https:\/\/yoast.com\/product\/yoast-seo-wordpress\/ -->\n<title>Baddeck - Memory Caf&eacute; NS<\/title>\n<meta name=\"robots\" content=\"index, follow, max-snippet:-1, max-image-preview:large, max-video-preview:-1\" \/>\n<link rel=\"canonical\" href=\"https:\/\/memorycafens.ca\/fr\/memory-cafe-nova-scotia-locations\/baddeck\/\" \/>\n<meta property=\"og:locale\" content=\"fr_CA\" \/>\n<meta property=\"og:type\" content=\"article\" \/>\n<meta property=\"og:title\" content=\"Baddeck - Memory Caf&eacute; NS\" \/>\n<meta property=\"og:description\" content=\"Baddeck, Cape Breton is hosting a Memory Caf\u00e9! A new Memory Caf\u00e9 is coming to Baddeck! Please join us at the Baddeck Public Library on 520 Chebucto St. This is a\u00a0new social event for individuals living with memory challenges along... Continue reading\" \/>\n<meta property=\"og:url\" content=\"https:\/\/memorycafens.ca\/fr\/memory-cafe-nova-scotia-locations\/baddeck\/\" \/>\n<meta property=\"og:site_name\" content=\"Memory Caf&eacute; NS\" \/>\n<meta property=\"article:modified_time\" content=\"2026-01-05T14:21:32+00:00\" \/>\n<meta property=\"og:image\" content=\"https:\/\/memorycafens.ca\/wp-content\/uploads\/2025\/08\/CBRM-Logo.png\" \/>\n<meta name=\"twitter:card\" content=\"summary_large_image\" \/>\n<meta name=\"twitter:label1\" content=\"Estimation du temps de lecture\" \/>\n\t<meta name=\"twitter:data1\" content=\"1 minute\" \/>\n<script type=\"application\/ld+json\" class=\"yoast-schema-graph\">{\"@context\":\"https:\\\/\\\/schema.org\",\"@graph\":[{\"@type\":\"WebPage\",\"@id\":\"https:\\\/\\\/memorycafens.ca\\\/memory-cafe-nova-scotia-locations\\\/baddeck\\\/\",\"url\":\"https:\\\/\\\/memorycafens.ca\\\/memory-cafe-nova-scotia-locations\\\/baddeck\\\/\",\"name\":\"Baddeck - Memory Caf&eacute; NS\",\"isPartOf\":{\"@id\":\"https:\\\/\\\/memorycafens.ca\\\/#website\"},\"primaryImageOfPage\":{\"@id\":\"https:\\\/\\\/memorycafens.ca\\\/memory-cafe-nova-scotia-locations\\\/baddeck\\\/#primaryimage\"},\"image\":{\"@id\":\"https:\\\/\\\/memorycafens.ca\\\/memory-cafe-nova-scotia-locations\\\/baddeck\\\/#primaryimage\"},\"thumbnailUrl\":\"https:\\\/\\\/memorycafens.ca\\\/wp-content\\\/uploads\\\/2025\\\/08\\\/CBRM-Logo.png\",\"datePublished\":\"2025-08-01T15:37:45+00:00\",\"dateModified\":\"2026-01-05T14:21:32+00:00\",\"breadcrumb\":{\"@id\":\"https:\\\/\\\/memorycafens.ca\\\/memory-cafe-nova-scotia-locations\\\/baddeck\\\/#breadcrumb\"},\"inLanguage\":\"fr-CA\",\"potentialAction\":[{\"@type\":\"ReadAction\",\"target\":[\"https:\\\/\\\/memorycafens.ca\\\/memory-cafe-nova-scotia-locations\\\/baddeck\\\/\"]}]},{\"@type\":\"ImageObject\",\"inLanguage\":\"fr-CA\",\"@id\":\"https:\\\/\\\/memorycafens.ca\\\/memory-cafe-nova-scotia-locations\\\/baddeck\\\/#primaryimage\",\"url\":\"https:\\\/\\\/memorycafens.ca\\\/wp-content\\\/uploads\\\/2025\\\/08\\\/CBRM-Logo.png\",\"contentUrl\":\"https:\\\/\\\/memorycafens.ca\\\/wp-content\\\/uploads\\\/2025\\\/08\\\/CBRM-Logo.png\"},{\"@type\":\"BreadcrumbList\",\"@id\":\"https:\\\/\\\/memorycafens.ca\\\/memory-cafe-nova-scotia-locations\\\/baddeck\\\/#breadcrumb\",\"itemListElement\":[{\"@type\":\"ListItem\",\"position\":1,\"name\":\"Home\",\"item\":\"https:\\\/\\\/memorycafens.ca\\\/\"},{\"@type\":\"ListItem\",\"position\":2,\"name\":\"LOCATIONS MENU\",\"item\":\"https:\\\/\\\/memorycafens.ca\\\/memory-cafe-nova-scotia-locations\\\/\"},{\"@type\":\"ListItem\",\"position\":3,\"name\":\"Baddeck\"}]},{\"@type\":\"WebSite\",\"@id\":\"https:\\\/\\\/memorycafens.ca\\\/#website\",\"url\":\"https:\\\/\\\/memorycafens.ca\\\/\",\"name\":\"Memory Caf\u00e9s NS\",\"description\":\"Memory Caf&eacute; NS\",\"publisher\":{\"@id\":\"https:\\\/\\\/memorycafens.ca\\\/#organization\"},\"potentialAction\":[{\"@type\":\"SearchAction\",\"target\":{\"@type\":\"EntryPoint\",\"urlTemplate\":\"https:\\\/\\\/memorycafens.ca\\\/?s={search_term_string}\"},\"query-input\":{\"@type\":\"PropertyValueSpecification\",\"valueRequired\":true,\"valueName\":\"search_term_string\"}}],\"inLanguage\":\"fr-CA\"},{\"@type\":\"Organization\",\"@id\":\"https:\\\/\\\/memorycafens.ca\\\/#organization\",\"name\":\"Memory Caf\u00e9 NS\",\"url\":\"https:\\\/\\\/memorycafens.ca\\\/\",\"logo\":{\"@type\":\"ImageObject\",\"inLanguage\":\"fr-CA\",\"@id\":\"https:\\\/\\\/memorycafens.ca\\\/#\\\/schema\\\/logo\\\/image\\\/\",\"url\":\"https:\\\/\\\/memorycafens.ca\\\/wp-content\\\/uploads\\\/2020\\\/02\\\/Tea-Cup-1-e1580588669255.png\",\"contentUrl\":\"https:\\\/\\\/memorycafens.ca\\\/wp-content\\\/uploads\\\/2020\\\/02\\\/Tea-Cup-1-e1580588669255.png\",\"width\":336,\"height\":137,\"caption\":\"Memory Caf\u00e9 NS\"},\"image\":{\"@id\":\"https:\\\/\\\/memorycafens.ca\\\/#\\\/schema\\\/logo\\\/image\\\/\"}}]}<\/script>\n<!-- \/ Yoast SEO plugin. -->","yoast_head_json":{"title":"Baddeck - Memory Caf&eacute; NS","robots":{"index":"index","follow":"follow","max-snippet":"max-snippet:-1","max-image-preview":"max-image-preview:large","max-video-preview":"max-video-preview:-1"},"canonical":"https:\/\/memorycafens.ca\/fr\/memory-cafe-nova-scotia-locations\/baddeck\/","og_locale":"fr_CA","og_type":"article","og_title":"Baddeck - Memory Caf&eacute; NS","og_description":"Baddeck, Cape Breton is hosting a Memory Caf\u00e9! A new Memory Caf\u00e9 is coming to Baddeck! Please join us at the Baddeck Public Library on 520 Chebucto St. This is a\u00a0new social event for individuals living with memory challenges along... Continue reading","og_url":"https:\/\/memorycafens.ca\/fr\/memory-cafe-nova-scotia-locations\/baddeck\/","og_site_name":"Memory Caf&eacute; NS","article_modified_time":"2026-01-05T14:21:32+00:00","og_image":[{"url":"https:\/\/memorycafens.ca\/wp-content\/uploads\/2025\/08\/CBRM-Logo.png","type":"","width":"","height":""}],"twitter_card":"summary_large_image","twitter_misc":{"Estimation du temps de lecture":"1 minute"},"schema":{"@context":"https:\/\/schema.org","@graph":[{"@type":"WebPage","@id":"https:\/\/memorycafens.ca\/memory-cafe-nova-scotia-locations\/baddeck\/","url":"https:\/\/memorycafens.ca\/memory-cafe-nova-scotia-locations\/baddeck\/","name":"Baddeck - Memory Caf&eacute; NS","isPartOf":{"@id":"https:\/\/memorycafens.ca\/#website"},"primaryImageOfPage":{"@id":"https:\/\/memorycafens.ca\/memory-cafe-nova-scotia-locations\/baddeck\/#primaryimage"},"image":{"@id":"https:\/\/memorycafens.ca\/memory-cafe-nova-scotia-locations\/baddeck\/#primaryimage"},"thumbnailUrl":"https:\/\/memorycafens.ca\/wp-content\/uploads\/2025\/08\/CBRM-Logo.png","datePublished":"2025-08-01T15:37:45+00:00","dateModified":"2026-01-05T14:21:32+00:00","breadcrumb":{"@id":"https:\/\/memorycafens.ca\/memory-cafe-nova-scotia-locations\/baddeck\/#breadcrumb"},"inLanguage":"fr-CA","potentialAction":[{"@type":"ReadAction","target":["https:\/\/memorycafens.ca\/memory-cafe-nova-scotia-locations\/baddeck\/"]}]},{"@type":"ImageObject","inLanguage":"fr-CA","@id":"https:\/\/memorycafens.ca\/memory-cafe-nova-scotia-locations\/baddeck\/#primaryimage","url":"https:\/\/memorycafens.ca\/wp-content\/uploads\/2025\/08\/CBRM-Logo.png","contentUrl":"https:\/\/memorycafens.ca\/wp-content\/uploads\/2025\/08\/CBRM-Logo.png"},{"@type":"BreadcrumbList","@id":"https:\/\/memorycafens.ca\/memory-cafe-nova-scotia-locations\/baddeck\/#breadcrumb","itemListElement":[{"@type":"ListItem","position":1,"name":"Home","item":"https:\/\/memorycafens.ca\/"},{"@type":"ListItem","position":2,"name":"LOCATIONS MENU","item":"https:\/\/memorycafens.ca\/memory-cafe-nova-scotia-locations\/"},{"@type":"ListItem","position":3,"name":"Baddeck"}]},{"@type":"WebSite","@id":"https:\/\/memorycafens.ca\/#website","url":"https:\/\/memorycafens.ca\/","name":"Memory Caf\u00e9s NS","description":"Memory Caf&eacute; NS","publisher":{"@id":"https:\/\/memorycafens.ca\/#organization"},"potentialAction":[{"@type":"SearchAction","target":{"@type":"EntryPoint","urlTemplate":"https:\/\/memorycafens.ca\/?s={search_term_string}"},"query-input":{"@type":"PropertyValueSpecification","valueRequired":true,"valueName":"search_term_string"}}],"inLanguage":"fr-CA"},{"@type":"Organization","@id":"https:\/\/memorycafens.ca\/#organization","name":"Memory Caf\u00e9 NS","url":"https:\/\/memorycafens.ca\/","logo":{"@type":"ImageObject","inLanguage":"fr-CA","@id":"https:\/\/memorycafens.ca\/#\/schema\/logo\/image\/","url":"https:\/\/memorycafens.ca\/wp-content\/uploads\/2020\/02\/Tea-Cup-1-e1580588669255.png","contentUrl":"https:\/\/memorycafens.ca\/wp-content\/uploads\/2020\/02\/Tea-Cup-1-e1580588669255.png","width":336,"height":137,"caption":"Memory Caf\u00e9 NS"},"image":{"@id":"https:\/\/memorycafens.ca\/#\/schema\/logo\/image\/"}}]}},"_links":{"self":[{"href":"https:\/\/memorycafens.ca\/fr\/wp-json\/wp\/v2\/pages\/3546","targetHints":{"allow":["GET"]}}],"collection":[{"href":"https:\/\/memorycafens.ca\/fr\/wp-json\/wp\/v2\/pages"}],"about":[{"href":"https:\/\/memorycafens.ca\/fr\/wp-json\/wp\/v2\/types\/page"}],"author":[{"embeddable":true,"href":"https:\/\/memorycafens.ca\/fr\/wp-json\/wp\/v2\/users\/1"}],"replies":[{"embeddable":true,"href":"https:\/\/memorycafens.ca\/fr\/wp-json\/wp\/v2\/comments?post=3546"}],"version-history":[{"count":8,"href":"https:\/\/memorycafens.ca\/fr\/wp-json\/wp\/v2\/pages\/3546\/revisions"}],"predecessor-version":[{"id":3669,"href":"https:\/\/memorycafens.ca\/fr\/wp-json\/wp\/v2\/pages\/3546\/revisions\/3669"}],"up":[{"embeddable":true,"href":"https:\/\/memorycafens.ca\/fr\/wp-json\/wp\/v2\/pages\/45"}],"wp:attachment":[{"href":"https:\/\/memorycafens.ca\/fr\/wp-json\/wp\/v2\/media?parent=3546"}],"wp:term":[{"taxonomy":"folder","embeddable":true,"href":"https:\/\/memorycafens.ca\/fr\/wp-json\/wp\/v2\/folder?post=3546"}],"curies":[{"name":"wp","href":"https:\/\/api.w.org\/{rel}","templated":true}]}}