{"id":3154,"date":"2024-07-06T18:59:15","date_gmt":"2024-07-06T18:59:15","guid":{"rendered":"https:\/\/memorycafens.ca\/?page_id=3154"},"modified":"2025-07-30T19:49:54","modified_gmt":"2025-07-30T19:49:54","slug":"richmond","status":"publish","type":"page","link":"https:\/\/memorycafens.ca\/fr\/memory-cafe-nova-scotia-locations\/richmond\/","title":{"rendered":"Richmond"},"content":{"rendered":"<img decoding=\"async\" src=\"https:\/\/memorycafens.ca\/wp-content\/uploads\/2024\/07\/Richmond_County_NS_seal.png\" alt=\"Richmond_County_NS_seal\" itemprop=\"image\" height=\"120\" width=\"490\" title=\"Richmond_County_NS_seal\" onerror=\"this.style.display='none'\" loading=\"lazy\" \/>\n\t<h2><em><strong>\u00c0 VENIR BIENT\u00d4T!<\/strong><\/em><\/h2>\n<h2><em><strong>Un nouveau Caf\u00e9 M\u00e9moire a lieu \u00e0 Richmond!<\/strong><\/em><\/h2>\n<hr \/>\n<p>Cette r\u00e9gion proposera des Caf\u00e9s M\u00e9moire pendant l\u2019hiver et le printemps. Ce sont des rencontres sociales pour les personnes vivant avec des pertes de m\u00e9moire, accompagn\u00e9s de leurs aidants ou membres de famille. \n\nIls ont lieu dans un cadre accueillant o\u00f9 l\u2019on peut prendre un caf\u00e9 ou un th\u00e9, accompagn\u00e9 d\u2019une collation, et converser avec de nouveaux amis. Venez y rencontrer des artistes invit\u00e9s qui vous raconteront des histoires et partageront leur musique, leur po\u00e9sie ou leurs cr\u00e9ations artistiques. Vous \u00eates invit\u00e9s \u00e0 venir essayer -- aucune exp\u00e9rience pr\u00e9alable n\u2019est n\u00e9cessaire!<\/p>\n<p>Pour vous inscrire contactez Rachael LeBlanc au (902) 587-2800, ext:3, ou par courriel: <a href=\"\/fr\/&\/#109;a&#x69;l&#x74;&#111;&#x3a;&#115;&#x65;&#110;i&#x6f;r&#x73;&#97;&#x66;&#101;&#x74;&#121;&#x63;&#111;o&#x72;d&#x69;&#110;&#x61;&#116;&#x6f;&#114;&#46;&#x64;k&#x6d;&#99;&#x68;&#99;&#x40;&#103;&#x6d;&#97;i&#x6c;&#46;&#x63;&#111;&#x6d;\">s&#101;&#x6e;&#x69;o&#114;&#115;&#x61;&#x66;e&#116;&#x79;&#x63;o&#111;&#114;&#x64;&#x69;n&#97;&#x74;&#x6f;r&#46;&#100;&#x6b;&#x6d;c&#104;&#x63;&#x40;g&#109;&#97;&#x69;&#x6c;&#46;&#99;&#x6f;&#x6d;.<\/a><\/p>\n\t\t\t\t<img decoding=\"async\" src=\"https:\/\/memorycafens.ca\/wp-content\/uploads\/2025\/07\/Richmond-Poster-2025-1.jpg\" alt=\"Richmond Poster 2025\" itemprop=\"image\" height=\"2304\" width=\"1728\" title=\"Richmond Poster 2025\" onerror=\"this.style.display='none'\" loading=\"lazy\" \/>\n\t\t\t\t<img decoding=\"async\" src=\"https:\/\/memorycafens.ca\/wp-content\/uploads\/2024\/07\/Richmond-River-Roots-Logo.webp\" alt=\"Richmond River Roots Logo\" itemprop=\"image\" height=\"149\" width=\"202\" title=\"Richmond River Roots Logo\" onerror=\"this.style.display='none'\" loading=\"lazy\" \/>\n\t<iframe src=\"https:\/\/www.google.com\/maps\/embed\/v1\/place?q=Richmond+River+Roots%2C+Richmond%2C+NS&#038;key=AIzaSyD09zQ9PNDNNy9TadMuzRV_UsPUoWKntt8\" aria-hidden=\"true\"><\/iframe>","protected":false},"excerpt":{"rendered":"<p>COMING SOON! A new Memory Caf\u00e9 is happening in Richmond This region is now offers a Memory Caf\u00e9 through Winter and Spring. These social events are designed for individuals living with memory challenges along with their family members and care&#8230; <\/p>\n<div class=\"readmore-section\"><a class=\"readmore-btn\" href=\"https:\/\/memorycafens.ca\/fr\/memory-cafe-nova-scotia-locations\/richmond\/\">Continue reading <i class=\"fa fa-arrow-right\"><\/i><\/a><\/div>","protected":false},"author":1,"featured_media":0,"parent":45,"menu_order":5,"comment_status":"closed","ping_status":"closed","template":"","meta":{"footnotes":""},"folder":[99],"class_list":["post-3154","page","type-page","status-publish","hentry"],"yoast_head":"<!-- This site is optimized with the Yoast SEO plugin v27.4 - https:\/\/yoast.com\/product\/yoast-seo-wordpress\/ -->\n<title>Richmond - Memory Caf&eacute; NS<\/title>\n<meta name=\"robots\" content=\"index, follow, max-snippet:-1, max-image-preview:large, max-video-preview:-1\" \/>\n<link rel=\"canonical\" href=\"https:\/\/memorycafens.ca\/fr\/memory-cafe-nova-scotia-locations\/richmond\/\" \/>\n<meta property=\"og:locale\" content=\"fr_CA\" \/>\n<meta property=\"og:type\" content=\"article\" \/>\n<meta property=\"og:title\" content=\"Richmond - Memory Caf&eacute; NS\" \/>\n<meta property=\"og:description\" content=\"COMING SOON! A new Memory Caf\u00e9 is happening in Richmond This region is now offers a Memory Caf\u00e9 through Winter and Spring. These social events are designed for individuals living with memory challenges along with their family members and care... Continue reading\" \/>\n<meta property=\"og:url\" content=\"https:\/\/memorycafens.ca\/fr\/memory-cafe-nova-scotia-locations\/richmond\/\" \/>\n<meta property=\"og:site_name\" content=\"Memory Caf&eacute; NS\" \/>\n<meta property=\"article:modified_time\" content=\"2025-07-30T19:49:54+00:00\" \/>\n<meta property=\"og:image\" content=\"https:\/\/memorycafens.ca\/wp-content\/uploads\/2024\/07\/Richmond_County_NS_seal.png\" \/>\n<meta name=\"twitter:card\" content=\"summary_large_image\" \/>\n<meta name=\"twitter:label1\" content=\"Estimation du temps de lecture\" \/>\n\t<meta name=\"twitter:data1\" content=\"1 minute\" \/>\n<script type=\"application\/ld+json\" class=\"yoast-schema-graph\">{\"@context\":\"https:\\\/\\\/schema.org\",\"@graph\":[{\"@type\":\"WebPage\",\"@id\":\"https:\\\/\\\/memorycafens.ca\\\/memory-cafe-nova-scotia-locations\\\/richmond\\\/\",\"url\":\"https:\\\/\\\/memorycafens.ca\\\/memory-cafe-nova-scotia-locations\\\/richmond\\\/\",\"name\":\"Richmond - Memory Caf&eacute; NS\",\"isPartOf\":{\"@id\":\"https:\\\/\\\/memorycafens.ca\\\/#website\"},\"primaryImageOfPage\":{\"@id\":\"https:\\\/\\\/memorycafens.ca\\\/memory-cafe-nova-scotia-locations\\\/richmond\\\/#primaryimage\"},\"image\":{\"@id\":\"https:\\\/\\\/memorycafens.ca\\\/memory-cafe-nova-scotia-locations\\\/richmond\\\/#primaryimage\"},\"thumbnailUrl\":\"https:\\\/\\\/memorycafens.ca\\\/wp-content\\\/uploads\\\/2024\\\/07\\\/Richmond_County_NS_seal.png\",\"datePublished\":\"2024-07-06T18:59:15+00:00\",\"dateModified\":\"2025-07-30T19:49:54+00:00\",\"breadcrumb\":{\"@id\":\"https:\\\/\\\/memorycafens.ca\\\/memory-cafe-nova-scotia-locations\\\/richmond\\\/#breadcrumb\"},\"inLanguage\":\"fr-CA\",\"potentialAction\":[{\"@type\":\"ReadAction\",\"target\":[\"https:\\\/\\\/memorycafens.ca\\\/memory-cafe-nova-scotia-locations\\\/richmond\\\/\"]}]},{\"@type\":\"ImageObject\",\"inLanguage\":\"fr-CA\",\"@id\":\"https:\\\/\\\/memorycafens.ca\\\/memory-cafe-nova-scotia-locations\\\/richmond\\\/#primaryimage\",\"url\":\"https:\\\/\\\/memorycafens.ca\\\/wp-content\\\/uploads\\\/2024\\\/07\\\/Richmond_County_NS_seal.png\",\"contentUrl\":\"https:\\\/\\\/memorycafens.ca\\\/wp-content\\\/uploads\\\/2024\\\/07\\\/Richmond_County_NS_seal.png\"},{\"@type\":\"BreadcrumbList\",\"@id\":\"https:\\\/\\\/memorycafens.ca\\\/memory-cafe-nova-scotia-locations\\\/richmond\\\/#breadcrumb\",\"itemListElement\":[{\"@type\":\"ListItem\",\"position\":1,\"name\":\"Home\",\"item\":\"https:\\\/\\\/memorycafens.ca\\\/\"},{\"@type\":\"ListItem\",\"position\":2,\"name\":\"LOCATIONS MENU\",\"item\":\"https:\\\/\\\/memorycafens.ca\\\/memory-cafe-nova-scotia-locations\\\/\"},{\"@type\":\"ListItem\",\"position\":3,\"name\":\"Richmond\"}]},{\"@type\":\"WebSite\",\"@id\":\"https:\\\/\\\/memorycafens.ca\\\/#website\",\"url\":\"https:\\\/\\\/memorycafens.ca\\\/\",\"name\":\"Memory Caf\u00e9s NS\",\"description\":\"Memory Caf&eacute; NS\",\"publisher\":{\"@id\":\"https:\\\/\\\/memorycafens.ca\\\/#organization\"},\"potentialAction\":[{\"@type\":\"SearchAction\",\"target\":{\"@type\":\"EntryPoint\",\"urlTemplate\":\"https:\\\/\\\/memorycafens.ca\\\/?s={search_term_string}\"},\"query-input\":{\"@type\":\"PropertyValueSpecification\",\"valueRequired\":true,\"valueName\":\"search_term_string\"}}],\"inLanguage\":\"fr-CA\"},{\"@type\":\"Organization\",\"@id\":\"https:\\\/\\\/memorycafens.ca\\\/#organization\",\"name\":\"Memory Caf\u00e9 NS\",\"url\":\"https:\\\/\\\/memorycafens.ca\\\/\",\"logo\":{\"@type\":\"ImageObject\",\"inLanguage\":\"fr-CA\",\"@id\":\"https:\\\/\\\/memorycafens.ca\\\/#\\\/schema\\\/logo\\\/image\\\/\",\"url\":\"https:\\\/\\\/memorycafens.ca\\\/wp-content\\\/uploads\\\/2020\\\/02\\\/Tea-Cup-1-e1580588669255.png\",\"contentUrl\":\"https:\\\/\\\/memorycafens.ca\\\/wp-content\\\/uploads\\\/2020\\\/02\\\/Tea-Cup-1-e1580588669255.png\",\"width\":336,\"height\":137,\"caption\":\"Memory Caf\u00e9 NS\"},\"image\":{\"@id\":\"https:\\\/\\\/memorycafens.ca\\\/#\\\/schema\\\/logo\\\/image\\\/\"}}]}<\/script>\n<!-- \/ Yoast SEO plugin. -->","yoast_head_json":{"title":"Richmond - Memory Caf&eacute; NS","robots":{"index":"index","follow":"follow","max-snippet":"max-snippet:-1","max-image-preview":"max-image-preview:large","max-video-preview":"max-video-preview:-1"},"canonical":"https:\/\/memorycafens.ca\/fr\/memory-cafe-nova-scotia-locations\/richmond\/","og_locale":"fr_CA","og_type":"article","og_title":"Richmond - Memory Caf&eacute; NS","og_description":"COMING SOON! A new Memory Caf\u00e9 is happening in Richmond This region is now offers a Memory Caf\u00e9 through Winter and Spring. These social events are designed for individuals living with memory challenges along with their family members and care... Continue reading","og_url":"https:\/\/memorycafens.ca\/fr\/memory-cafe-nova-scotia-locations\/richmond\/","og_site_name":"Memory Caf&eacute; NS","article_modified_time":"2025-07-30T19:49:54+00:00","og_image":[{"url":"https:\/\/memorycafens.ca\/wp-content\/uploads\/2024\/07\/Richmond_County_NS_seal.png","type":"","width":"","height":""}],"twitter_card":"summary_large_image","twitter_misc":{"Estimation du temps de lecture":"1 minute"},"schema":{"@context":"https:\/\/schema.org","@graph":[{"@type":"WebPage","@id":"https:\/\/memorycafens.ca\/memory-cafe-nova-scotia-locations\/richmond\/","url":"https:\/\/memorycafens.ca\/memory-cafe-nova-scotia-locations\/richmond\/","name":"Richmond - Memory Caf&eacute; NS","isPartOf":{"@id":"https:\/\/memorycafens.ca\/#website"},"primaryImageOfPage":{"@id":"https:\/\/memorycafens.ca\/memory-cafe-nova-scotia-locations\/richmond\/#primaryimage"},"image":{"@id":"https:\/\/memorycafens.ca\/memory-cafe-nova-scotia-locations\/richmond\/#primaryimage"},"thumbnailUrl":"https:\/\/memorycafens.ca\/wp-content\/uploads\/2024\/07\/Richmond_County_NS_seal.png","datePublished":"2024-07-06T18:59:15+00:00","dateModified":"2025-07-30T19:49:54+00:00","breadcrumb":{"@id":"https:\/\/memorycafens.ca\/memory-cafe-nova-scotia-locations\/richmond\/#breadcrumb"},"inLanguage":"fr-CA","potentialAction":[{"@type":"ReadAction","target":["https:\/\/memorycafens.ca\/memory-cafe-nova-scotia-locations\/richmond\/"]}]},{"@type":"ImageObject","inLanguage":"fr-CA","@id":"https:\/\/memorycafens.ca\/memory-cafe-nova-scotia-locations\/richmond\/#primaryimage","url":"https:\/\/memorycafens.ca\/wp-content\/uploads\/2024\/07\/Richmond_County_NS_seal.png","contentUrl":"https:\/\/memorycafens.ca\/wp-content\/uploads\/2024\/07\/Richmond_County_NS_seal.png"},{"@type":"BreadcrumbList","@id":"https:\/\/memorycafens.ca\/memory-cafe-nova-scotia-locations\/richmond\/#breadcrumb","itemListElement":[{"@type":"ListItem","position":1,"name":"Home","item":"https:\/\/memorycafens.ca\/"},{"@type":"ListItem","position":2,"name":"LOCATIONS MENU","item":"https:\/\/memorycafens.ca\/memory-cafe-nova-scotia-locations\/"},{"@type":"ListItem","position":3,"name":"Richmond"}]},{"@type":"WebSite","@id":"https:\/\/memorycafens.ca\/#website","url":"https:\/\/memorycafens.ca\/","name":"Memory Caf\u00e9s NS","description":"Memory Caf&eacute; NS","publisher":{"@id":"https:\/\/memorycafens.ca\/#organization"},"potentialAction":[{"@type":"SearchAction","target":{"@type":"EntryPoint","urlTemplate":"https:\/\/memorycafens.ca\/?s={search_term_string}"},"query-input":{"@type":"PropertyValueSpecification","valueRequired":true,"valueName":"search_term_string"}}],"inLanguage":"fr-CA"},{"@type":"Organization","@id":"https:\/\/memorycafens.ca\/#organization","name":"Memory Caf\u00e9 NS","url":"https:\/\/memorycafens.ca\/","logo":{"@type":"ImageObject","inLanguage":"fr-CA","@id":"https:\/\/memorycafens.ca\/#\/schema\/logo\/image\/","url":"https:\/\/memorycafens.ca\/wp-content\/uploads\/2020\/02\/Tea-Cup-1-e1580588669255.png","contentUrl":"https:\/\/memorycafens.ca\/wp-content\/uploads\/2020\/02\/Tea-Cup-1-e1580588669255.png","width":336,"height":137,"caption":"Memory Caf\u00e9 NS"},"image":{"@id":"https:\/\/memorycafens.ca\/#\/schema\/logo\/image\/"}}]}},"_links":{"self":[{"href":"https:\/\/memorycafens.ca\/fr\/wp-json\/wp\/v2\/pages\/3154","targetHints":{"allow":["GET"]}}],"collection":[{"href":"https:\/\/memorycafens.ca\/fr\/wp-json\/wp\/v2\/pages"}],"about":[{"href":"https:\/\/memorycafens.ca\/fr\/wp-json\/wp\/v2\/types\/page"}],"author":[{"embeddable":true,"href":"https:\/\/memorycafens.ca\/fr\/wp-json\/wp\/v2\/users\/1"}],"replies":[{"embeddable":true,"href":"https:\/\/memorycafens.ca\/fr\/wp-json\/wp\/v2\/comments?post=3154"}],"version-history":[{"count":10,"href":"https:\/\/memorycafens.ca\/fr\/wp-json\/wp\/v2\/pages\/3154\/revisions"}],"predecessor-version":[{"id":3539,"href":"https:\/\/memorycafens.ca\/fr\/wp-json\/wp\/v2\/pages\/3154\/revisions\/3539"}],"up":[{"embeddable":true,"href":"https:\/\/memorycafens.ca\/fr\/wp-json\/wp\/v2\/pages\/45"}],"wp:attachment":[{"href":"https:\/\/memorycafens.ca\/fr\/wp-json\/wp\/v2\/media?parent=3154"}],"wp:term":[{"taxonomy":"folder","embeddable":true,"href":"https:\/\/memorycafens.ca\/fr\/wp-json\/wp\/v2\/folder?post=3154"}],"curies":[{"name":"wp","href":"https:\/\/api.w.org\/{rel}","templated":true}]}}