{"id":3036,"date":"2024-03-18T19:31:31","date_gmt":"2024-03-18T19:31:31","guid":{"rendered":"https:\/\/memorycafens.ca\/?page_id=3036"},"modified":"2024-07-10T16:35:36","modified_gmt":"2024-07-10T16:35:36","slug":"cross-borders","status":"publish","type":"page","link":"https:\/\/memorycafens.ca\/fr\/cross-borders\/","title":{"rendered":"Cross Borders"},"content":{"rendered":"<img loading=\"lazy\" decoding=\"async\" src=\"https:\/\/memorycafens.ca\/wp-content\/uploads\/2024\/05\/Cross_Borders_Logo-1-e1714678922848.png\" alt=\"Cross_Borders_Logo\" itemprop=\"image\" height=\"152\" width=\"139\" title=\"Cross_Borders_Logo\" onerror=\"this.style.display='none'\"  \/>\n\t<h4><strong>Le Projet Memory Caf\u00e9 Hors Fronti\u00e8res<\/strong><\/h4>\n<h4><em>Vers le Canada alli\u00e9 des personnes atteintes d\u2019un trouble neurocognitif<\/em><\/h4>\n<p>Vous r\u00e9sidez ailleurs qu\u2019en Nouvelle-\u00c9cosse et vous avez envie de d\u00e9marrer un caf\u00e9 m\u00e9moire dans votre communaut\u00e9? Rejoignez notre projet Memory Caf\u00e9 Hors Fronti\u00e8res! Nous pouvons vous aider et avons bon nombre de ressources gratuites dont vous pouvez vous servir!<\/p>\n<p><strong>Bo\u00eete \u00e0 outils Hors Fronti\u00e8res<\/strong><\/p>\n<p>As a partner in the Cross Borders Project, you will receive free resources and &#8220;how-to&#8221; support to launch and successfully sustain a memory caf\u00e9 in your community anywhere in Canada.<\/p>\n<p><strong>Tool kit includes&#8230;<\/strong><\/p>\n<ul>\n<li><strong>Un jumelage:<\/strong> votre municipalit\u00e9 ou votre groupe sera jumel\u00e9 avec une communaut\u00e9 existante, h\u00f4te de caf\u00e9s m\u00e9moire d\u00e9j\u00e0 bien \u00e9tablis, pour un soutien direct<\/li>\n<li><strong>Une s\u00e9rie de 5 caf\u00e9s m\u00e9moire,<\/strong> con\u00e7us de mani\u00e8re \u00e0 promouvoir l\u2019inclusion de tous les participants, particuli\u00e8rement ceux ayant des troubles de m\u00e9moire<\/li>\n<li><strong>Des images d\u2019art t\u00e9l\u00e9chargeables<\/strong> qui peuvent \u00eatre utilis\u00e9es pour d\u00e9marrer une conversation non d\u00e9pendante de la m\u00e9moire<\/li>\n<li><strong>Des enregistrements de prestations musicales,<\/strong> con\u00e7ues sp\u00e9cialement pour des caf\u00e9s m\u00e9moire<\/li>\n<li><strong>L\u2019acc\u00e8s aux ressources de d\u00e9marrage,<\/strong> including: how to host a memory caf\u00e9, access community funding for treats and to pay musicians and other memory caf\u00e9 guests.<\/li>\n<\/ul>\n<p>Cliquez <a href=\"https:\/\/memorycafens.ca\/fr\/memory-cafe-nova-scotia-locations\/memory-cafe-resources\/resources\/\" target=\"_blank\" rel=\"noopener\">ici<\/a> pour acc\u00e9der \u00e0 davantage de ressources disponibles pour vous dans la bo\u00eete \u00e0 outils de Memory Caf\u00e9 NS.<\/p>","protected":false},"excerpt":{"rendered":"<p>Memory Caf\u00e9 Cross Borders Project Towards a Dementia-friendly Canada Do you live outside of Nova Scotia and would like to launch a memory caf\u00e9 in your community? Join our Memory Caf\u00e9 Cross Borders Project! We can help support your work&#8230; <\/p>\n<div class=\"readmore-section\"><a class=\"readmore-btn\" href=\"https:\/\/memorycafens.ca\/fr\/cross-borders\/\">Continue reading <i class=\"fa fa-arrow-right\"><\/i><\/a><\/div>","protected":false},"author":1,"featured_media":0,"parent":0,"menu_order":0,"comment_status":"closed","ping_status":"closed","template":"","meta":{"footnotes":""},"folder":[97],"class_list":["post-3036","page","type-page","status-publish","hentry"],"yoast_head":"<!-- This site is optimized with the Yoast SEO plugin v27.4 - https:\/\/yoast.com\/product\/yoast-seo-wordpress\/ -->\n<title>Cross Borders - Memory Caf&eacute; NS<\/title>\n<meta name=\"description\" content=\"Memory Caf\u00e9 NS invites you to join our Memory Caf\u00e9 Cross Borders Project!\" \/>\n<meta name=\"robots\" content=\"index, follow, max-snippet:-1, max-image-preview:large, max-video-preview:-1\" \/>\n<link rel=\"canonical\" href=\"https:\/\/memorycafens.ca\/fr\/cross-borders\/\" \/>\n<meta property=\"og:locale\" content=\"fr_CA\" \/>\n<meta property=\"og:type\" content=\"article\" \/>\n<meta property=\"og:title\" content=\"Cross Borders - Memory Caf&eacute; NS\" \/>\n<meta property=\"og:description\" content=\"Memory Caf\u00e9 NS invites you to join our Memory Caf\u00e9 Cross Borders Project!\" \/>\n<meta property=\"og:url\" content=\"https:\/\/memorycafens.ca\/fr\/cross-borders\/\" \/>\n<meta property=\"og:site_name\" content=\"Memory Caf&eacute; NS\" \/>\n<meta property=\"article:modified_time\" content=\"2024-07-10T16:35:36+00:00\" \/>\n<meta property=\"og:image\" content=\"https:\/\/memorycafens.ca\/wp-content\/uploads\/2024\/05\/Cross_Borders_Logo-1-e1714678922848.png\" \/>\n<meta name=\"twitter:card\" content=\"summary_large_image\" \/>\n<script type=\"application\/ld+json\" class=\"yoast-schema-graph\">{\"@context\":\"https:\\\/\\\/schema.org\",\"@graph\":[{\"@type\":\"WebPage\",\"@id\":\"https:\\\/\\\/memorycafens.ca\\\/cross-borders\\\/\",\"url\":\"https:\\\/\\\/memorycafens.ca\\\/cross-borders\\\/\",\"name\":\"Cross Borders - Memory Caf&eacute; NS\",\"isPartOf\":{\"@id\":\"https:\\\/\\\/memorycafens.ca\\\/#website\"},\"primaryImageOfPage\":{\"@id\":\"https:\\\/\\\/memorycafens.ca\\\/cross-borders\\\/#primaryimage\"},\"image\":{\"@id\":\"https:\\\/\\\/memorycafens.ca\\\/cross-borders\\\/#primaryimage\"},\"thumbnailUrl\":\"https:\\\/\\\/memorycafens.ca\\\/wp-content\\\/uploads\\\/2024\\\/05\\\/Cross_Borders_Logo-1-e1714678922848.png\",\"datePublished\":\"2024-03-18T19:31:31+00:00\",\"dateModified\":\"2024-07-10T16:35:36+00:00\",\"description\":\"Memory Caf\u00e9 NS invites you to join our Memory Caf\u00e9 Cross Borders Project!\",\"breadcrumb\":{\"@id\":\"https:\\\/\\\/memorycafens.ca\\\/cross-borders\\\/#breadcrumb\"},\"inLanguage\":\"fr-CA\",\"potentialAction\":[{\"@type\":\"ReadAction\",\"target\":[\"https:\\\/\\\/memorycafens.ca\\\/cross-borders\\\/\"]}]},{\"@type\":\"ImageObject\",\"inLanguage\":\"fr-CA\",\"@id\":\"https:\\\/\\\/memorycafens.ca\\\/cross-borders\\\/#primaryimage\",\"url\":\"https:\\\/\\\/memorycafens.ca\\\/wp-content\\\/uploads\\\/2024\\\/05\\\/Cross_Borders_Logo-1-e1714678922848.png\",\"contentUrl\":\"https:\\\/\\\/memorycafens.ca\\\/wp-content\\\/uploads\\\/2024\\\/05\\\/Cross_Borders_Logo-1-e1714678922848.png\"},{\"@type\":\"BreadcrumbList\",\"@id\":\"https:\\\/\\\/memorycafens.ca\\\/cross-borders\\\/#breadcrumb\",\"itemListElement\":[{\"@type\":\"ListItem\",\"position\":1,\"name\":\"Home\",\"item\":\"https:\\\/\\\/memorycafens.ca\\\/\"},{\"@type\":\"ListItem\",\"position\":2,\"name\":\"Cross Borders\"}]},{\"@type\":\"WebSite\",\"@id\":\"https:\\\/\\\/memorycafens.ca\\\/#website\",\"url\":\"https:\\\/\\\/memorycafens.ca\\\/\",\"name\":\"Memory Caf\u00e9s NS\",\"description\":\"Memory Caf&eacute; NS\",\"publisher\":{\"@id\":\"https:\\\/\\\/memorycafens.ca\\\/#organization\"},\"potentialAction\":[{\"@type\":\"SearchAction\",\"target\":{\"@type\":\"EntryPoint\",\"urlTemplate\":\"https:\\\/\\\/memorycafens.ca\\\/?s={search_term_string}\"},\"query-input\":{\"@type\":\"PropertyValueSpecification\",\"valueRequired\":true,\"valueName\":\"search_term_string\"}}],\"inLanguage\":\"fr-CA\"},{\"@type\":\"Organization\",\"@id\":\"https:\\\/\\\/memorycafens.ca\\\/#organization\",\"name\":\"Memory Caf\u00e9 NS\",\"url\":\"https:\\\/\\\/memorycafens.ca\\\/\",\"logo\":{\"@type\":\"ImageObject\",\"inLanguage\":\"fr-CA\",\"@id\":\"https:\\\/\\\/memorycafens.ca\\\/#\\\/schema\\\/logo\\\/image\\\/\",\"url\":\"https:\\\/\\\/memorycafens.ca\\\/wp-content\\\/uploads\\\/2020\\\/02\\\/Tea-Cup-1-e1580588669255.png\",\"contentUrl\":\"https:\\\/\\\/memorycafens.ca\\\/wp-content\\\/uploads\\\/2020\\\/02\\\/Tea-Cup-1-e1580588669255.png\",\"width\":336,\"height\":137,\"caption\":\"Memory Caf\u00e9 NS\"},\"image\":{\"@id\":\"https:\\\/\\\/memorycafens.ca\\\/#\\\/schema\\\/logo\\\/image\\\/\"}}]}<\/script>\n<!-- \/ Yoast SEO plugin. -->","yoast_head_json":{"title":"Cross Borders - Memory Caf&eacute; NS","description":"Memory Caf\u00e9 NS invites you to join our Memory Caf\u00e9 Cross Borders Project!","robots":{"index":"index","follow":"follow","max-snippet":"max-snippet:-1","max-image-preview":"max-image-preview:large","max-video-preview":"max-video-preview:-1"},"canonical":"https:\/\/memorycafens.ca\/fr\/cross-borders\/","og_locale":"fr_CA","og_type":"article","og_title":"Cross Borders - Memory Caf&eacute; NS","og_description":"Memory Caf\u00e9 NS invites you to join our Memory Caf\u00e9 Cross Borders Project!","og_url":"https:\/\/memorycafens.ca\/fr\/cross-borders\/","og_site_name":"Memory Caf&eacute; NS","article_modified_time":"2024-07-10T16:35:36+00:00","og_image":[{"url":"https:\/\/memorycafens.ca\/wp-content\/uploads\/2024\/05\/Cross_Borders_Logo-1-e1714678922848.png","type":"","width":"","height":""}],"twitter_card":"summary_large_image","schema":{"@context":"https:\/\/schema.org","@graph":[{"@type":"WebPage","@id":"https:\/\/memorycafens.ca\/cross-borders\/","url":"https:\/\/memorycafens.ca\/cross-borders\/","name":"Cross Borders - Memory Caf&eacute; NS","isPartOf":{"@id":"https:\/\/memorycafens.ca\/#website"},"primaryImageOfPage":{"@id":"https:\/\/memorycafens.ca\/cross-borders\/#primaryimage"},"image":{"@id":"https:\/\/memorycafens.ca\/cross-borders\/#primaryimage"},"thumbnailUrl":"https:\/\/memorycafens.ca\/wp-content\/uploads\/2024\/05\/Cross_Borders_Logo-1-e1714678922848.png","datePublished":"2024-03-18T19:31:31+00:00","dateModified":"2024-07-10T16:35:36+00:00","description":"Memory Caf\u00e9 NS invites you to join our Memory Caf\u00e9 Cross Borders Project!","breadcrumb":{"@id":"https:\/\/memorycafens.ca\/cross-borders\/#breadcrumb"},"inLanguage":"fr-CA","potentialAction":[{"@type":"ReadAction","target":["https:\/\/memorycafens.ca\/cross-borders\/"]}]},{"@type":"ImageObject","inLanguage":"fr-CA","@id":"https:\/\/memorycafens.ca\/cross-borders\/#primaryimage","url":"https:\/\/memorycafens.ca\/wp-content\/uploads\/2024\/05\/Cross_Borders_Logo-1-e1714678922848.png","contentUrl":"https:\/\/memorycafens.ca\/wp-content\/uploads\/2024\/05\/Cross_Borders_Logo-1-e1714678922848.png"},{"@type":"BreadcrumbList","@id":"https:\/\/memorycafens.ca\/cross-borders\/#breadcrumb","itemListElement":[{"@type":"ListItem","position":1,"name":"Home","item":"https:\/\/memorycafens.ca\/"},{"@type":"ListItem","position":2,"name":"Cross Borders"}]},{"@type":"WebSite","@id":"https:\/\/memorycafens.ca\/#website","url":"https:\/\/memorycafens.ca\/","name":"Memory Caf\u00e9s NS","description":"Memory Caf&eacute; NS","publisher":{"@id":"https:\/\/memorycafens.ca\/#organization"},"potentialAction":[{"@type":"SearchAction","target":{"@type":"EntryPoint","urlTemplate":"https:\/\/memorycafens.ca\/?s={search_term_string}"},"query-input":{"@type":"PropertyValueSpecification","valueRequired":true,"valueName":"search_term_string"}}],"inLanguage":"fr-CA"},{"@type":"Organization","@id":"https:\/\/memorycafens.ca\/#organization","name":"Memory Caf\u00e9 NS","url":"https:\/\/memorycafens.ca\/","logo":{"@type":"ImageObject","inLanguage":"fr-CA","@id":"https:\/\/memorycafens.ca\/#\/schema\/logo\/image\/","url":"https:\/\/memorycafens.ca\/wp-content\/uploads\/2020\/02\/Tea-Cup-1-e1580588669255.png","contentUrl":"https:\/\/memorycafens.ca\/wp-content\/uploads\/2020\/02\/Tea-Cup-1-e1580588669255.png","width":336,"height":137,"caption":"Memory Caf\u00e9 NS"},"image":{"@id":"https:\/\/memorycafens.ca\/#\/schema\/logo\/image\/"}}]}},"_links":{"self":[{"href":"https:\/\/memorycafens.ca\/fr\/wp-json\/wp\/v2\/pages\/3036","targetHints":{"allow":["GET"]}}],"collection":[{"href":"https:\/\/memorycafens.ca\/fr\/wp-json\/wp\/v2\/pages"}],"about":[{"href":"https:\/\/memorycafens.ca\/fr\/wp-json\/wp\/v2\/types\/page"}],"author":[{"embeddable":true,"href":"https:\/\/memorycafens.ca\/fr\/wp-json\/wp\/v2\/users\/1"}],"replies":[{"embeddable":true,"href":"https:\/\/memorycafens.ca\/fr\/wp-json\/wp\/v2\/comments?post=3036"}],"version-history":[{"count":22,"href":"https:\/\/memorycafens.ca\/fr\/wp-json\/wp\/v2\/pages\/3036\/revisions"}],"predecessor-version":[{"id":3197,"href":"https:\/\/memorycafens.ca\/fr\/wp-json\/wp\/v2\/pages\/3036\/revisions\/3197"}],"wp:attachment":[{"href":"https:\/\/memorycafens.ca\/fr\/wp-json\/wp\/v2\/media?parent=3036"}],"wp:term":[{"taxonomy":"folder","embeddable":true,"href":"https:\/\/memorycafens.ca\/fr\/wp-json\/wp\/v2\/folder?post=3036"}],"curies":[{"name":"wp","href":"https:\/\/api.w.org\/{rel}","templated":true}]}}