{"id":2431,"date":"2023-07-03T13:39:05","date_gmt":"2023-07-03T13:39:05","guid":{"rendered":"https:\/\/memorycafens.ca\/?page_id=2431"},"modified":"2024-03-19T13:15:15","modified_gmt":"2024-03-19T13:15:15","slug":"series-3-home-page","status":"publish","type":"page","link":"https:\/\/memorycafens.ca\/fr\/memory-cafe-nova-scotia-locations\/series-3-home-page\/","title":{"rendered":"Series 3 Home Page: Roadside Attractions"},"content":{"rendered":"<img loading=\"lazy\" decoding=\"async\" src=\"https:\/\/memorycafens.ca\/wp-content\/uploads\/2021\/02\/Memory-Cafe-logo-medium.png\" alt=\"Memory Cafe logo medium\" itemprop=\"image\" height=\"447\" width=\"521\" title=\"Memory Cafe logo medium\" onerror=\"this.style.display='none'\"  \/>\n\t\n<h2>Memory Caf\u00e9 S\u00e9rie 3<\/h2>\n\n<h2>\u00c0 D\u00e9couvrir le Long de la Route<\/h2>\n\t<p><strong>Vous \u00eates libre d\u2019utiliser cette s\u00e9rie comportant 5 s\u00e9ances pour d\u00e9marrer un Memory Caf\u00e9 dans votre communaut\u00e9!<\/strong><\/p>\n<p>Welcome to Roadside Attractions- a virtual hiking tour around Nova Scotia using a series of images by artists living in rural areas of\u00a0Nova Scotia&#8217;s Annapolis Valley. To learn more about this year&#8217;s artists, please visit the <a href=\"https:\/\/memorycafens.ca\/fr\/memory-cafe-nova-scotia-locations\/memory-cafe-resources\/artists-musicians\/\">Art and Music section<\/a>.<\/p>\n<p>How each session unfolds: After welcome and introductions, each session features laminates of 2 contrasting art images (seen below) which are passed around the room to launch non memory-based conversation. The themes usually invite comments and stories that are personal and meaningful for participants, especially as people get to know each other. Then there is a 20-minute musical guest at in-person cafes, or an interactive art session. Informal conversation happens afterward for those who&#8217;d like to stay and chat. Usually the events start at 2:30-3:30 but may continue to 4 pm informally.<\/p>\n<p>Click on each session to learn more&#8230;<\/p>\n\t\t<h3>1\u00e8re S\u00e9ance<\/h3>\n\t\t\t\t<img loading=\"lazy\" decoding=\"async\" src=\"https:\/\/memorycafens.ca\/wp-content\/uploads\/2023\/07\/Backyard-Trees-1-150x150.png\" alt=\"Backyard Trees\" itemprop=\"image\" height=\"150\" width=\"150\" title=\"Backyard Trees\" onerror=\"this.style.display='none'\"  \/>\n<p><em>Trouver un Chemin<\/em><\/p>\n<p>avec Musicien Invit\u00e9<\/p>\n\t\t<h3><a href=\"https:\/\/memorycafens.ca\/fr\/memory-cafe-nova-scotia-locations\/virtual-cafes\/series-2-home-page\/series-2-session-2-sea-creatures-adventure\/\" target=\"_self\" rel=\"noopener\">2\u00e8me S\u00e9ance<\/a><\/h3>\n\t\t\t\t<a href=\"https:\/\/memorycafens.ca\/fr\/memory-cafe-nova-scotia-locations\/virtual-cafes\/series-2-home-page\/series-2-session-2-sea-creatures-adventure\/\" target=\"_self\" itemprop=\"url\" rel=\"noopener\">\n\t\t\t\t<img loading=\"lazy\" decoding=\"async\" src=\"https:\/\/memorycafens.ca\/wp-content\/uploads\/2023\/07\/Woodland-Mushrooms-150x150.jpg\" alt=\"Woodland Mushrooms\" itemprop=\"image\" height=\"150\" width=\"150\" title=\"Woodland Mushrooms\" onerror=\"this.style.display='none'\"  \/>\n\t\t\t\t<\/a>\n<p><em>Transitions et Nouveaux D\u00e9parts<\/em><\/p>\n<p>Atelier Virtuel de Sculpture en Argile<\/p>\n\t\t<h3><a href=\"https:\/\/memorycafens.ca\/fr\/memory-cafe-nova-scotia-locations\/virtual-cafes\/series-2-home-page\/copy\/\" target=\"_self\" rel=\"noopener\">3\u00e8me S\u00e9ance<\/a><\/h3>\n\t\t\t\t<a href=\"https:\/\/memorycafens.ca\/fr\/memory-cafe-nova-scotia-locations\/virtual-cafes\/series-2-home-page\/copy\/\" target=\"_self\" itemprop=\"url\" rel=\"noopener\">\n\t\t\t\t<img loading=\"lazy\" decoding=\"async\" src=\"https:\/\/memorycafens.ca\/wp-content\/uploads\/2023\/07\/Trees-1-150x150.png\" alt=\"Trees 1\" itemprop=\"image\" height=\"150\" width=\"150\" title=\"Trees 1\" onerror=\"this.style.display='none'\"  \/>\n\t\t\t\t<\/a>\n<p><em>La Famille et les Amis<\/em><\/p>\n<p>Valentine&#8217;s Day<\/p>\n\t\t<h3><a href=\"https:\/\/memorycafens.ca\/fr\/memory-cafe-nova-scotia-locations\/virtual-cafes\/series-2-home-page\/series-2-session-4-transformation-creating-something-new\/\" target=\"_self\" rel=\"noopener\">4\u00e8me S\u00e9ance<\/a><\/h3>\n\t\t\t\t<a href=\"https:\/\/memorycafens.ca\/fr\/memory-cafe-nova-scotia-locations\/virtual-cafes\/series-2-home-page\/series-2-session-4-transformation-creating-something-new\/\" target=\"_self\" itemprop=\"url\" rel=\"noopener\">\n\t\t\t\t<img loading=\"lazy\" decoding=\"async\" src=\"https:\/\/memorycafens.ca\/wp-content\/uploads\/2023\/07\/Old-Barn-150x150.png\" alt=\"Old Barn\" itemprop=\"image\" height=\"150\" width=\"150\" title=\"Old Barn\" onerror=\"this.style.display='none'\"  \/>\n\t\t\t\t<\/a>\n<p><em>Trouver Votre Propre Aventure<\/em><\/p>\n\n\t\t<h3>5\u00e8me S\u00e9ance<\/h3>\n\t\t\t\t<img loading=\"lazy\" decoding=\"async\" src=\"https:\/\/memorycafens.ca\/wp-content\/uploads\/2023\/07\/Peaceful-River-150x150.jpg\" alt=\"Peaceful River\" itemprop=\"image\" height=\"150\" width=\"150\" title=\"Peaceful River\" onerror=\"this.style.display='none'\"  \/>\n<p><em>Prendre l\u2019Air et Rentrer \u00e0 la Maison<\/em><\/p>","protected":false},"excerpt":{"rendered":"<p>Memory Caf\u00e9 Series 3 Roadside Attractions Please feel free to use this 5 session series to launch a virtual or in person Memory Caf\u00e9 in your community! Welcome to Roadside Attractions- a virtual hiking tour around Nova Scotia using a&#8230; <\/p>\n<div class=\"readmore-section\"><a class=\"readmore-btn\" href=\"https:\/\/memorycafens.ca\/fr\/memory-cafe-nova-scotia-locations\/series-3-home-page\/\">Continue reading <i class=\"fa fa-arrow-right\"><\/i><\/a><\/div>","protected":false},"author":1,"featured_media":0,"parent":45,"menu_order":3,"comment_status":"closed","ping_status":"closed","template":"","meta":{"footnotes":""},"folder":[98],"class_list":["post-2431","page","type-page","status-publish","hentry"],"yoast_head":"<!-- This site is optimized with the Yoast SEO plugin v27.4 - https:\/\/yoast.com\/product\/yoast-seo-wordpress\/ -->\n<title>Series 3 Home Page: Roadside Attractions - Memory Caf&eacute; NS<\/title>\n<meta name=\"robots\" content=\"index, follow, max-snippet:-1, max-image-preview:large, max-video-preview:-1\" \/>\n<link rel=\"canonical\" href=\"https:\/\/memorycafens.ca\/fr\/memory-cafe-nova-scotia-locations\/memory-cafe-resources__trashed\/series-3-home-page\/\" \/>\n<meta property=\"og:locale\" content=\"fr_CA\" \/>\n<meta property=\"og:type\" content=\"article\" \/>\n<meta property=\"og:title\" content=\"Series 3 Home Page: Roadside Attractions - Memory Caf&eacute; NS\" \/>\n<meta property=\"og:description\" content=\"Memory Caf\u00e9 Series 3 Roadside Attractions Please feel free to use this 5 session series to launch a virtual or in person Memory Caf\u00e9 in your community! Welcome to Roadside Attractions- a virtual hiking tour around Nova Scotia using a... Continue reading\" \/>\n<meta property=\"og:url\" content=\"https:\/\/memorycafens.ca\/fr\/memory-cafe-nova-scotia-locations\/memory-cafe-resources__trashed\/series-3-home-page\/\" \/>\n<meta property=\"og:site_name\" content=\"Memory Caf&eacute; NS\" \/>\n<meta property=\"article:modified_time\" content=\"2024-03-19T13:15:15+00:00\" \/>\n<meta property=\"og:image\" content=\"https:\/\/memorycafens.ca\/wp-content\/uploads\/2021\/02\/Memory-Cafe-logo-medium.png\" \/>\n<meta name=\"twitter:card\" content=\"summary_large_image\" \/>\n<meta name=\"twitter:label1\" content=\"Estimation du temps de lecture\" \/>\n\t<meta name=\"twitter:data1\" content=\"2 minutes\" \/>\n<script type=\"application\/ld+json\" class=\"yoast-schema-graph\">{\"@context\":\"https:\\\/\\\/schema.org\",\"@graph\":[{\"@type\":\"WebPage\",\"@id\":\"https:\\\/\\\/memorycafens.ca\\\/memory-cafe-nova-scotia-locations\\\/memory-cafe-resources__trashed\\\/series-3-home-page\\\/\",\"url\":\"https:\\\/\\\/memorycafens.ca\\\/memory-cafe-nova-scotia-locations\\\/memory-cafe-resources__trashed\\\/series-3-home-page\\\/\",\"name\":\"Series 3 Home Page: Roadside Attractions - Memory Caf&eacute; NS\",\"isPartOf\":{\"@id\":\"https:\\\/\\\/memorycafens.ca\\\/#website\"},\"primaryImageOfPage\":{\"@id\":\"https:\\\/\\\/memorycafens.ca\\\/memory-cafe-nova-scotia-locations\\\/memory-cafe-resources__trashed\\\/series-3-home-page\\\/#primaryimage\"},\"image\":{\"@id\":\"https:\\\/\\\/memorycafens.ca\\\/memory-cafe-nova-scotia-locations\\\/memory-cafe-resources__trashed\\\/series-3-home-page\\\/#primaryimage\"},\"thumbnailUrl\":\"https:\\\/\\\/memorycafens.ca\\\/wp-content\\\/uploads\\\/2021\\\/02\\\/Memory-Cafe-logo-medium.png\",\"datePublished\":\"2023-07-03T13:39:05+00:00\",\"dateModified\":\"2024-03-19T13:15:15+00:00\",\"breadcrumb\":{\"@id\":\"https:\\\/\\\/memorycafens.ca\\\/memory-cafe-nova-scotia-locations\\\/memory-cafe-resources__trashed\\\/series-3-home-page\\\/#breadcrumb\"},\"inLanguage\":\"fr-CA\",\"potentialAction\":[{\"@type\":\"ReadAction\",\"target\":[\"https:\\\/\\\/memorycafens.ca\\\/memory-cafe-nova-scotia-locations\\\/memory-cafe-resources__trashed\\\/series-3-home-page\\\/\"]}]},{\"@type\":\"ImageObject\",\"inLanguage\":\"fr-CA\",\"@id\":\"https:\\\/\\\/memorycafens.ca\\\/memory-cafe-nova-scotia-locations\\\/memory-cafe-resources__trashed\\\/series-3-home-page\\\/#primaryimage\",\"url\":\"https:\\\/\\\/memorycafens.ca\\\/wp-content\\\/uploads\\\/2021\\\/02\\\/Memory-Cafe-logo-medium.png\",\"contentUrl\":\"https:\\\/\\\/memorycafens.ca\\\/wp-content\\\/uploads\\\/2021\\\/02\\\/Memory-Cafe-logo-medium.png\"},{\"@type\":\"BreadcrumbList\",\"@id\":\"https:\\\/\\\/memorycafens.ca\\\/memory-cafe-nova-scotia-locations\\\/memory-cafe-resources__trashed\\\/series-3-home-page\\\/#breadcrumb\",\"itemListElement\":[{\"@type\":\"ListItem\",\"position\":1,\"name\":\"Home\",\"item\":\"https:\\\/\\\/memorycafens.ca\\\/\"},{\"@type\":\"ListItem\",\"position\":2,\"name\":\"LOCATIONS MENU\",\"item\":\"https:\\\/\\\/memorycafens.ca\\\/memory-cafe-nova-scotia-locations\\\/\"},{\"@type\":\"ListItem\",\"position\":3,\"name\":\"Series 3 Home Page: Roadside Attractions\"}]},{\"@type\":\"WebSite\",\"@id\":\"https:\\\/\\\/memorycafens.ca\\\/#website\",\"url\":\"https:\\\/\\\/memorycafens.ca\\\/\",\"name\":\"Memory Caf\u00e9s NS\",\"description\":\"Memory Caf&eacute; NS\",\"publisher\":{\"@id\":\"https:\\\/\\\/memorycafens.ca\\\/#organization\"},\"potentialAction\":[{\"@type\":\"SearchAction\",\"target\":{\"@type\":\"EntryPoint\",\"urlTemplate\":\"https:\\\/\\\/memorycafens.ca\\\/?s={search_term_string}\"},\"query-input\":{\"@type\":\"PropertyValueSpecification\",\"valueRequired\":true,\"valueName\":\"search_term_string\"}}],\"inLanguage\":\"fr-CA\"},{\"@type\":\"Organization\",\"@id\":\"https:\\\/\\\/memorycafens.ca\\\/#organization\",\"name\":\"Memory Caf\u00e9 NS\",\"url\":\"https:\\\/\\\/memorycafens.ca\\\/\",\"logo\":{\"@type\":\"ImageObject\",\"inLanguage\":\"fr-CA\",\"@id\":\"https:\\\/\\\/memorycafens.ca\\\/#\\\/schema\\\/logo\\\/image\\\/\",\"url\":\"https:\\\/\\\/memorycafens.ca\\\/wp-content\\\/uploads\\\/2020\\\/02\\\/Tea-Cup-1-e1580588669255.png\",\"contentUrl\":\"https:\\\/\\\/memorycafens.ca\\\/wp-content\\\/uploads\\\/2020\\\/02\\\/Tea-Cup-1-e1580588669255.png\",\"width\":336,\"height\":137,\"caption\":\"Memory Caf\u00e9 NS\"},\"image\":{\"@id\":\"https:\\\/\\\/memorycafens.ca\\\/#\\\/schema\\\/logo\\\/image\\\/\"}}]}<\/script>\n<!-- \/ Yoast SEO plugin. -->","yoast_head_json":{"title":"Series 3 Home Page: Roadside Attractions - Memory Caf&eacute; NS","robots":{"index":"index","follow":"follow","max-snippet":"max-snippet:-1","max-image-preview":"max-image-preview:large","max-video-preview":"max-video-preview:-1"},"canonical":"https:\/\/memorycafens.ca\/fr\/memory-cafe-nova-scotia-locations\/memory-cafe-resources__trashed\/series-3-home-page\/","og_locale":"fr_CA","og_type":"article","og_title":"Series 3 Home Page: Roadside Attractions - Memory Caf&eacute; NS","og_description":"Memory Caf\u00e9 Series 3 Roadside Attractions Please feel free to use this 5 session series to launch a virtual or in person Memory Caf\u00e9 in your community! Welcome to Roadside Attractions- a virtual hiking tour around Nova Scotia using a... Continue reading","og_url":"https:\/\/memorycafens.ca\/fr\/memory-cafe-nova-scotia-locations\/memory-cafe-resources__trashed\/series-3-home-page\/","og_site_name":"Memory Caf&eacute; NS","article_modified_time":"2024-03-19T13:15:15+00:00","og_image":[{"url":"https:\/\/memorycafens.ca\/wp-content\/uploads\/2021\/02\/Memory-Cafe-logo-medium.png","type":"","width":"","height":""}],"twitter_card":"summary_large_image","twitter_misc":{"Estimation du temps de lecture":"2 minutes"},"schema":{"@context":"https:\/\/schema.org","@graph":[{"@type":"WebPage","@id":"https:\/\/memorycafens.ca\/memory-cafe-nova-scotia-locations\/memory-cafe-resources__trashed\/series-3-home-page\/","url":"https:\/\/memorycafens.ca\/memory-cafe-nova-scotia-locations\/memory-cafe-resources__trashed\/series-3-home-page\/","name":"Series 3 Home Page: Roadside Attractions - Memory Caf&eacute; NS","isPartOf":{"@id":"https:\/\/memorycafens.ca\/#website"},"primaryImageOfPage":{"@id":"https:\/\/memorycafens.ca\/memory-cafe-nova-scotia-locations\/memory-cafe-resources__trashed\/series-3-home-page\/#primaryimage"},"image":{"@id":"https:\/\/memorycafens.ca\/memory-cafe-nova-scotia-locations\/memory-cafe-resources__trashed\/series-3-home-page\/#primaryimage"},"thumbnailUrl":"https:\/\/memorycafens.ca\/wp-content\/uploads\/2021\/02\/Memory-Cafe-logo-medium.png","datePublished":"2023-07-03T13:39:05+00:00","dateModified":"2024-03-19T13:15:15+00:00","breadcrumb":{"@id":"https:\/\/memorycafens.ca\/memory-cafe-nova-scotia-locations\/memory-cafe-resources__trashed\/series-3-home-page\/#breadcrumb"},"inLanguage":"fr-CA","potentialAction":[{"@type":"ReadAction","target":["https:\/\/memorycafens.ca\/memory-cafe-nova-scotia-locations\/memory-cafe-resources__trashed\/series-3-home-page\/"]}]},{"@type":"ImageObject","inLanguage":"fr-CA","@id":"https:\/\/memorycafens.ca\/memory-cafe-nova-scotia-locations\/memory-cafe-resources__trashed\/series-3-home-page\/#primaryimage","url":"https:\/\/memorycafens.ca\/wp-content\/uploads\/2021\/02\/Memory-Cafe-logo-medium.png","contentUrl":"https:\/\/memorycafens.ca\/wp-content\/uploads\/2021\/02\/Memory-Cafe-logo-medium.png"},{"@type":"BreadcrumbList","@id":"https:\/\/memorycafens.ca\/memory-cafe-nova-scotia-locations\/memory-cafe-resources__trashed\/series-3-home-page\/#breadcrumb","itemListElement":[{"@type":"ListItem","position":1,"name":"Home","item":"https:\/\/memorycafens.ca\/"},{"@type":"ListItem","position":2,"name":"LOCATIONS MENU","item":"https:\/\/memorycafens.ca\/memory-cafe-nova-scotia-locations\/"},{"@type":"ListItem","position":3,"name":"Series 3 Home Page: Roadside Attractions"}]},{"@type":"WebSite","@id":"https:\/\/memorycafens.ca\/#website","url":"https:\/\/memorycafens.ca\/","name":"Memory Caf\u00e9s NS","description":"Memory Caf&eacute; NS","publisher":{"@id":"https:\/\/memorycafens.ca\/#organization"},"potentialAction":[{"@type":"SearchAction","target":{"@type":"EntryPoint","urlTemplate":"https:\/\/memorycafens.ca\/?s={search_term_string}"},"query-input":{"@type":"PropertyValueSpecification","valueRequired":true,"valueName":"search_term_string"}}],"inLanguage":"fr-CA"},{"@type":"Organization","@id":"https:\/\/memorycafens.ca\/#organization","name":"Memory Caf\u00e9 NS","url":"https:\/\/memorycafens.ca\/","logo":{"@type":"ImageObject","inLanguage":"fr-CA","@id":"https:\/\/memorycafens.ca\/#\/schema\/logo\/image\/","url":"https:\/\/memorycafens.ca\/wp-content\/uploads\/2020\/02\/Tea-Cup-1-e1580588669255.png","contentUrl":"https:\/\/memorycafens.ca\/wp-content\/uploads\/2020\/02\/Tea-Cup-1-e1580588669255.png","width":336,"height":137,"caption":"Memory Caf\u00e9 NS"},"image":{"@id":"https:\/\/memorycafens.ca\/#\/schema\/logo\/image\/"}}]}},"_links":{"self":[{"href":"https:\/\/memorycafens.ca\/fr\/wp-json\/wp\/v2\/pages\/2431","targetHints":{"allow":["GET"]}}],"collection":[{"href":"https:\/\/memorycafens.ca\/fr\/wp-json\/wp\/v2\/pages"}],"about":[{"href":"https:\/\/memorycafens.ca\/fr\/wp-json\/wp\/v2\/types\/page"}],"author":[{"embeddable":true,"href":"https:\/\/memorycafens.ca\/fr\/wp-json\/wp\/v2\/users\/1"}],"replies":[{"embeddable":true,"href":"https:\/\/memorycafens.ca\/fr\/wp-json\/wp\/v2\/comments?post=2431"}],"version-history":[{"count":25,"href":"https:\/\/memorycafens.ca\/fr\/wp-json\/wp\/v2\/pages\/2431\/revisions"}],"predecessor-version":[{"id":3077,"href":"https:\/\/memorycafens.ca\/fr\/wp-json\/wp\/v2\/pages\/2431\/revisions\/3077"}],"up":[{"embeddable":true,"href":"https:\/\/memorycafens.ca\/fr\/wp-json\/wp\/v2\/pages\/45"}],"wp:attachment":[{"href":"https:\/\/memorycafens.ca\/fr\/wp-json\/wp\/v2\/media?parent=2431"}],"wp:term":[{"taxonomy":"folder","embeddable":true,"href":"https:\/\/memorycafens.ca\/fr\/wp-json\/wp\/v2\/folder?post=2431"}],"curies":[{"name":"wp","href":"https:\/\/api.w.org\/{rel}","templated":true}]}}