{"id":1599,"date":"2021-12-07T20:38:03","date_gmt":"2021-12-07T20:38:35","guid":{"rendered":"https:\/\/memorycafens.ca\/?page_id=1599"},"modified":"2025-10-02T15:04:46","modified_gmt":"2025-10-02T15:04:46","slug":"stories","status":"publish","type":"page","link":"https:\/\/memorycafens.ca\/fr\/stories\/","title":{"rendered":"Stories 2"},"content":{"rendered":"<h2><strong>R\u00e9cits et commentaires lors des Memory Caf\u00e9<\/strong><\/h2>\n\t<p>Est-ce que vous aimeriez lire quelques r\u00e9cits tir\u00e9s de nos Caf\u00e9s M\u00e9moire? Voici ce que quelques-uns de nos participants, h\u00f4tes et artistes invit\u00e9s ont dit de leur exp\u00e9rience!<\/p>\n<p>Please contact us if you&#8217;d like to add your Memory Caf\u00e9 story.<\/p>\n\t\t\t\t\t<a href=\"#\"  id=\"fl-accordion--label-0\" tabindex=\"0\" aria-controls=\"fl-accordion--panel-0\">Presse<\/a>\n\t\t\t\t\t\t\t\t\t\t\t<a href=\"#\" id=\"fl-accordion--icon-0\"  tabindex=\"0\"><i title=\"Expand\">Expand<\/i><\/a>\n\t\t\t\t\t<p>September 27, 2025<\/p>\n<p>Anne Belliveau and Pam Plant represented Memory Caf\u00e9 NS at a Wellness Fair in Halifax. Such a nice table and such warm smiles!<\/p>\n<p><img loading=\"lazy\" decoding=\"async\" src=\"https:\/\/memorycafens.ca\/wp-content\/uploads\/2025\/09\/Community-Fair.png\" alt=\"\" width=\"673\" height=\"776\" \/><\/p>\n<hr \/>\n<p>Jean-Philippe Giroux-<i>Le Memory <\/i><i>Caf\u00e9\u00a0: <\/i>Pour la M\u00e9moire et le Bien\u00eatre (<i>The Memory Caf\u00e9<\/i>\u00a0: For Memory and Well-Being)<\/p>\n<p>Publi\u00e9 le 14 janvier, 2025<\/p>\n<p>Article paru dans <i>Le Courrier de la Nouvelle-\u00c9cosse<\/i> pr\u00e9sentant la s\u00e9rie de caf\u00e9s m\u00e9moire ayant lieu dans la r\u00e9gion de Clare. L\u2019article parle de l\u2019origine du concept des caf\u00e9s m\u00e9moire, de la fa\u00e7on dont ils se d\u00e9roulent et des bienfaits qu\u2019ils offrent aux participants et \u00e0 la communaut\u00e9<\/p>\n<p><a href=\"https:\/\/tinyurl.com\/mu9d7afj\" target=\"_blank\" rel=\"noopener\">https:\/\/tinyurl.com\/mu9d7afj<\/a><\/p>\n<hr \/>\n<p>Nos f\u00e9licitations \u00e0 Bryah Boutilier, notre Coordonnatrice de Rayonnement Provincial, dont le r\u00e9sum\u00e9 de recherche a \u00e9t\u00e9 accept\u00e9 par l\u2019Association Canadienne de Psychiatrie, pour leur r\u00e9union annuelle \u00e0 Montr\u00e9al en novembre 2024! Dans sa pr\u00e9sentation, Bryah expliquera comment d\u2019autres communaut\u00e9s rurales \u00e0 travers le Canada pourront d\u00e9marrer leurs propres Caf\u00e9s M\u00e9moire en se servant des ressources gratuites accessibles sur le site de Memory Caf\u00e9 NS.<\/p>\n<p>Juillet, 2024<\/p>\n<hr \/>\n<p>Nous f\u00e9licitons Nick Zamora, Luke Moffatt et Anne Belliveau, qui travaillent tous les trois pour Memory Caf\u00e9 NS et qui ont \u00e9t\u00e9 reconnus cette ann\u00e9e par la Soci\u00e9t\u00e9 Alzheimer de la Nouvelle-\u00c9cosse, pour leur contribution au bien-\u00eatre des N\u00e9o-\u00c9cossais vivant avec des troubles neurocognitifs.<\/p>\n<p>Juin, 2024<\/p>\n<p>Apprenez-en davantage <a href=\"https:\/\/www.facebook.com\/alzheimerns\/\">ICI<\/a>.<\/p>\n<hr \/>\n<p><em>ELIZABETH SIRCOM &#8211; Provincial Arts Consultant for Memory Caf\u00e9 NS<\/em><\/p>\n<p>Listen to Elizabeth&#8217;s interview with Dementia Dialogue with the Alzheimers Society of Canada! This interview about the work of Memory Caf\u00e9 NS is in French.<\/p>\n<p>Juin, 2024<\/p>\n<p class=\"translation-block\">\u00c9coutez-le <a href=\"https:\/\/www.dementiadialogue.ca\/saison-4-episode-4\" target=\"_blank\" rel=\"noopener\">ICI<\/a> .<\/p>\n<hr \/>\n<p><em>DR. BEVERLEY CASSIDY &#8211; Meet a Doctor Improving the Well-Being of Nova Scotians With Dementia<\/em><\/p>\n<p>Publi\u00e9 le 14 juillet, 2023<\/p>\n<p>Cliquez <a href=\"https:\/\/www.yourdoctors.ca\/blog\/healthy-living\/memory-cafes\" target=\"_blank\" rel=\"noopener\">ICI<\/a> pour voir l\u2019article.<\/p>\n<hr \/>\n<p><em>WENDY ELLI0TT &#8211; Memory Caf\u00e9 NS Wins National Dementia-Friendly Grassroots Award<\/em><\/p>\n<p>Publi\u00e9 le 2 f\u00e9vrier, 2023<\/p>\n<p>Cliquez <a href=\"https:\/\/www.saltwire.com\/atlantic-canada\/communities\/memory-cafe-ns-wins-national-award-for-work-in-creating-fun-welcoming-environments-100820575\/\" target=\"_blank\" rel=\"noopener\">ICI<\/a> pour voir l\u2019article.<\/p>\n<hr \/>\n<p><em>CATHERINE SHEPHERD: Memory Caf\u00e9s coming to Cape Breton.<\/em><\/p>\n<p>Publi\u00e9 le 7 novembre, 2021<\/p>\n<p>Cliquez <a href=\"https:\/\/www.saltwire.com\/atlantic-canada\/lifestyles\/catherine-shepherd-memory-cafes-coming-to-cape-breton-100659184\/#.Ya6ZTu7z_PQ.gmail\" target=\"_blank\" rel=\"noopener\">ICI<\/a> pour voir l\u2019article.<\/p>\n<hr \/>\n<p>&nbsp;<\/p>\n\t\t\t\t\t<a href=\"#\"  id=\"fl-accordion--label-1\" tabindex=\"0\" aria-controls=\"fl-accordion--panel-1\">R\u00e9cits d\u2019Argyle<\/a>\n\t\t\t\t\t\t\t\t\t\t\t<a href=\"#\" id=\"fl-accordion--icon-1\"  tabindex=\"0\"><i title=\"Expand\">Expand<\/i><\/a>\n\t\t\t\t\t<p><em>&#8220;Natalie (the facilitator) did a wonderful job organizing the memory Caf\u00e9! Cliff was great at entertaining! Location was centralized which was also nice. I look forward to the Memory Cafe starting again!&#8221;<\/em><\/p>\n<hr \/>\n<p><em>&#8220;As a caregiver I enjoyed being with other caregivers who are going through the same issues and heartaches. It was very much a relaxing atmosphere, with laughter and memories, and free from any judgement. I felt very supported and am looking forward to the next one.&#8221;<\/em><\/p>\n<hr \/>\n<p><em>&#8220;It is wonderful being able to spend time with mom and seeing her interact with a small group of people. The structure of the Memory Caf\u00e9 is also great (activity, discussion, snack and music). Mom especially likes the music part! Can&#8217;t wait for it to start again!&#8221;<\/em><\/p>\n<hr \/>\n<p><em>&#8220;My mother enjoyed the Memory Caf\u00e9&#8217;s immensely. She felt very comfortable to participate. She especially enjoyed the musician who played songs his father used to listen to. As a caregiver I felt the facilitators showed so much respect to the participants and loved their approach. We look forward to attending again!&#8221;<\/em><\/p>\n\t\t\t\t\t<a href=\"#\"  id=\"fl-accordion--label-2\" tabindex=\"0\" aria-controls=\"fl-accordion--panel-2\">R\u00e9cits de Bridgewater<\/a>\n\t\t\t\t\t\t\t\t\t\t\t<a href=\"#\" id=\"fl-accordion--icon-2\"  tabindex=\"0\"><i title=\"Expand\">Expand<\/i><\/a>\n\t\t\t\t\t<p>&#8220;It feels great knowing you are not alone in this journey and that there are people willing to help people who are struggling with this disease.&#8221;<\/p>\n<hr \/>\n<p>&#8220;The music with Bernie was wonderful and very relaxing. I thought it was wonderful of Mary to come from Wolfville to help us enjoy the hour. Tissy is a great leader. Thanks!&#8221;<\/p>\n\t\t\t\t\t<a href=\"#\"  id=\"fl-accordion--label-3\" tabindex=\"0\" aria-controls=\"fl-accordion--panel-3\">R\u00e9cits du Cap Breton<\/a>\n\t\t\t\t\t\t\t\t\t\t\t<a href=\"#\" id=\"fl-accordion--icon-3\"  tabindex=\"0\"><i title=\"Expand\">Expand<\/i><\/a>\n\t\t\t\t\t<p><em>&#8220;We are so pleased to be part of the Memory Caf\u00e9!&#8221;<\/em><\/p>\n<p><img loading=\"lazy\" decoding=\"async\" src=\"https:\/\/memorycafens.ca\/wp-content\/uploads\/2022\/03\/Seals-1-300x300.png\" alt=\"\" width=\"300\" height=\"300\" \/><img loading=\"lazy\" decoding=\"async\" src=\"https:\/\/memorycafens.ca\/wp-content\/uploads\/2022\/03\/Seals-2-300x288.png\" alt=\"\" width=\"300\" height=\"288\" \/><\/p>\n\t\t\t\t\t<a href=\"#\"  id=\"fl-accordion--label-4\" tabindex=\"0\" aria-controls=\"fl-accordion--panel-4\">R\u00e9cits de Chester<\/a>\n\t\t\t\t\t\t\t\t\t\t\t<a href=\"#\" id=\"fl-accordion--icon-4\"  tabindex=\"0\"><i title=\"Expand\">Expand<\/i><\/a>\n\t\t\t\t\t<p>&#8220;I enjoyed all the entertainment especially the familiar tunes that we sang along to. Time frame works well &#8211; monthly and the hour for most (no fatigue). Thank you to the team for your welcome and engagement with us all fortunate to attend!&#8221;<\/p>\n\t\t\t\t\t<a href=\"#\"  id=\"fl-accordion--label-5\" tabindex=\"0\" aria-controls=\"fl-accordion--panel-5\">R\u00e9cits de Kentville<\/a>\n\t\t\t\t\t\t\t\t\t\t\t<a href=\"#\" id=\"fl-accordion--icon-5\"  tabindex=\"0\"><i title=\"Expand\">Expand<\/i><\/a>\n\t\t\t\t\t<p><em>&#8220;Very enjoyable &#8211; we will be back&#8221;<\/em><\/p>\n<hr \/>\n<p><em>&#8220;Good ice breakers, it&#8217;s really nice to meet people and talk to them. John&#8217;s music is lovely, we look forward to it!&#8221;<\/em><\/p>\n<hr \/>\n<p><em>&#8220;My husband really looks forward to this hour. It really means a lot to me as well.&#8221;<\/em><\/p>\n\t\t\t\t\t<a href=\"#\"  id=\"fl-accordion--label-6\" tabindex=\"0\" aria-controls=\"fl-accordion--panel-6\">R\u00e9cits de Tantallon<\/a>\n\t\t\t\t\t\t\t\t\t\t\t<a href=\"#\" id=\"fl-accordion--icon-6\"  tabindex=\"0\"><i title=\"Expand\">Expand<\/i><\/a>\n\t\t\t\t\t<p><em>&#8220;<\/em>My husband and I are delighted to be part of the memory caf\u00e9. Ann and Pam do an amazing job of encouraging and including everyone. We fell most fortunate to take part on these occasions and are so grateful for all the dedication required to make these afternoons happen&#8221;<\/p>\n<hr \/>\n<p><em>ANNE BELLIVEAU: St. Margaret&#8217;s Bay Memory Caf\u00e9<\/em><\/p>\n<p>Publi\u00e9 en juillet, 2023<\/p>\n<p>Cliquez <a href=\"https:\/\/themastheadnews.ca\/wp-content\/uploads\/2023\/07\/July_2023_masthead-news.pdf#page=6#navpanes=0&amp;scrollbar=0&amp;toolbar=0&amp;zoom=100\">ICI<\/a> pour lire l\u2019article de la page 6, du journal The Masthead News.<\/p>\n\t\t\t\t\t<a href=\"#\"  id=\"fl-accordion--label-7\" tabindex=\"0\" aria-controls=\"fl-accordion--panel-7\">R\u00e9cits de Wolfville<\/a>\n\t\t\t\t\t\t\t\t\t\t\t<a href=\"#\" id=\"fl-accordion--icon-7\"  tabindex=\"0\"><i title=\"Expand\">Expand<\/i><\/a>\n\t\t\t\t\t<p><em>&#8220;I felt like I was on a date again with my wife. Thank you&#8221;<\/em><\/p>\n<hr \/>\n<p><em>&#8220;A very nice day. We like to be here!&#8221;<\/em><\/p>\n<hr \/>\n<p><em>&#8220;I like the music&#8221;<\/em><\/p>\n<hr \/>\n<p><em>It&#8217;s been a pleasure and a privilege to be able to host a Memory Caf\u00e9 (at Charts Caf\u00e9).<\/em><\/p>\n<p><em>Nos invit\u00e9s ont pris plaisir \u00e0 l\u2019interaction sociale dans un cadre confortable, avec de d\u00e9licieux rafraichissements et de la musique merveilleuse.\u00a0<\/em><\/p>\n<p><em>Une exp\u00e9rience tr\u00e8s positive pour les participants au Memory Caf\u00e9, ainsi que pour les autres clients et le personnel du caf\u00e9! \u00bb<\/em><\/p>","protected":false},"excerpt":{"rendered":"<p>Memory Caf\u00e9 Stories Would you like to read about some Memory Caf\u00e9 experiences? Look what our caf\u00e9 guests, artists and hosts have to say! Please contact us if you&#8217;d like to add your Memory Caf\u00e9 story. News Stories Expand September&#8230; <\/p>\n<div class=\"readmore-section\"><a class=\"readmore-btn\" href=\"https:\/\/memorycafens.ca\/fr\/stories\/\">Continue reading <i class=\"fa fa-arrow-right\"><\/i><\/a><\/div>","protected":false},"author":1,"featured_media":0,"parent":0,"menu_order":5,"comment_status":"closed","ping_status":"closed","template":"","meta":{"footnotes":""},"folder":[97],"class_list":["post-1599","page","type-page","status-publish","hentry"],"yoast_head":"<!-- This site is optimized with the Yoast SEO plugin v27.4 - https:\/\/yoast.com\/product\/yoast-seo-wordpress\/ -->\n<title>Stories 2 - Memory Caf&eacute; NS<\/title>\n<meta name=\"robots\" content=\"index, follow, max-snippet:-1, max-image-preview:large, max-video-preview:-1\" \/>\n<link rel=\"canonical\" href=\"https:\/\/memorycafens.ca\/fr\/stories\/\" \/>\n<meta property=\"og:locale\" content=\"fr_CA\" \/>\n<meta property=\"og:type\" content=\"article\" \/>\n<meta property=\"og:title\" content=\"Stories 2 - Memory Caf&eacute; NS\" \/>\n<meta property=\"og:description\" content=\"Memory Caf\u00e9 Stories Would you like to read about some Memory Caf\u00e9 experiences? Look what our caf\u00e9 guests, artists and hosts have to say! Please contact us if you&#8217;d like to add your Memory Caf\u00e9 story. News Stories Expand September... Continue reading\" \/>\n<meta property=\"og:url\" content=\"https:\/\/memorycafens.ca\/fr\/stories\/\" \/>\n<meta property=\"og:site_name\" content=\"Memory Caf&eacute; NS\" \/>\n<meta property=\"article:modified_time\" content=\"2025-10-02T15:04:46+00:00\" \/>\n<meta property=\"og:image\" content=\"https:\/\/memorycafens.ca\/wp-content\/uploads\/2025\/09\/Community-Fair.png\" \/>\n<meta name=\"twitter:card\" content=\"summary_large_image\" \/>\n<meta name=\"twitter:label1\" content=\"Estimation du temps de lecture\" \/>\n\t<meta name=\"twitter:data1\" content=\"2 minutes\" \/>\n<script type=\"application\/ld+json\" class=\"yoast-schema-graph\">{\"@context\":\"https:\\\/\\\/schema.org\",\"@graph\":[{\"@type\":\"WebPage\",\"@id\":\"https:\\\/\\\/memorycafens.ca\\\/stories\\\/\",\"url\":\"https:\\\/\\\/memorycafens.ca\\\/stories\\\/\",\"name\":\"Stories 2 - Memory Caf&eacute; NS\",\"isPartOf\":{\"@id\":\"https:\\\/\\\/memorycafens.ca\\\/#website\"},\"primaryImageOfPage\":{\"@id\":\"https:\\\/\\\/memorycafens.ca\\\/stories\\\/#primaryimage\"},\"image\":{\"@id\":\"https:\\\/\\\/memorycafens.ca\\\/stories\\\/#primaryimage\"},\"thumbnailUrl\":\"https:\\\/\\\/memorycafens.ca\\\/wp-content\\\/uploads\\\/2025\\\/09\\\/Community-Fair.png\",\"datePublished\":\"2021-12-07T20:38:35+00:00\",\"dateModified\":\"2025-10-02T15:04:46+00:00\",\"breadcrumb\":{\"@id\":\"https:\\\/\\\/memorycafens.ca\\\/stories\\\/#breadcrumb\"},\"inLanguage\":\"fr-CA\",\"potentialAction\":[{\"@type\":\"ReadAction\",\"target\":[\"https:\\\/\\\/memorycafens.ca\\\/stories\\\/\"]}]},{\"@type\":\"ImageObject\",\"inLanguage\":\"fr-CA\",\"@id\":\"https:\\\/\\\/memorycafens.ca\\\/stories\\\/#primaryimage\",\"url\":\"https:\\\/\\\/memorycafens.ca\\\/wp-content\\\/uploads\\\/2025\\\/09\\\/Community-Fair.png\",\"contentUrl\":\"https:\\\/\\\/memorycafens.ca\\\/wp-content\\\/uploads\\\/2025\\\/09\\\/Community-Fair.png\"},{\"@type\":\"BreadcrumbList\",\"@id\":\"https:\\\/\\\/memorycafens.ca\\\/stories\\\/#breadcrumb\",\"itemListElement\":[{\"@type\":\"ListItem\",\"position\":1,\"name\":\"Home\",\"item\":\"https:\\\/\\\/memorycafens.ca\\\/\"},{\"@type\":\"ListItem\",\"position\":2,\"name\":\"Stories 2\"}]},{\"@type\":\"WebSite\",\"@id\":\"https:\\\/\\\/memorycafens.ca\\\/#website\",\"url\":\"https:\\\/\\\/memorycafens.ca\\\/\",\"name\":\"Memory Caf\u00e9s NS\",\"description\":\"Memory Caf&eacute; NS\",\"publisher\":{\"@id\":\"https:\\\/\\\/memorycafens.ca\\\/#organization\"},\"potentialAction\":[{\"@type\":\"SearchAction\",\"target\":{\"@type\":\"EntryPoint\",\"urlTemplate\":\"https:\\\/\\\/memorycafens.ca\\\/?s={search_term_string}\"},\"query-input\":{\"@type\":\"PropertyValueSpecification\",\"valueRequired\":true,\"valueName\":\"search_term_string\"}}],\"inLanguage\":\"fr-CA\"},{\"@type\":\"Organization\",\"@id\":\"https:\\\/\\\/memorycafens.ca\\\/#organization\",\"name\":\"Memory Caf\u00e9 NS\",\"url\":\"https:\\\/\\\/memorycafens.ca\\\/\",\"logo\":{\"@type\":\"ImageObject\",\"inLanguage\":\"fr-CA\",\"@id\":\"https:\\\/\\\/memorycafens.ca\\\/#\\\/schema\\\/logo\\\/image\\\/\",\"url\":\"https:\\\/\\\/memorycafens.ca\\\/wp-content\\\/uploads\\\/2020\\\/02\\\/Tea-Cup-1-e1580588669255.png\",\"contentUrl\":\"https:\\\/\\\/memorycafens.ca\\\/wp-content\\\/uploads\\\/2020\\\/02\\\/Tea-Cup-1-e1580588669255.png\",\"width\":336,\"height\":137,\"caption\":\"Memory Caf\u00e9 NS\"},\"image\":{\"@id\":\"https:\\\/\\\/memorycafens.ca\\\/#\\\/schema\\\/logo\\\/image\\\/\"}}]}<\/script>\n<!-- \/ Yoast SEO plugin. -->","yoast_head_json":{"title":"Stories 2 - Memory Caf&eacute; NS","robots":{"index":"index","follow":"follow","max-snippet":"max-snippet:-1","max-image-preview":"max-image-preview:large","max-video-preview":"max-video-preview:-1"},"canonical":"https:\/\/memorycafens.ca\/fr\/stories\/","og_locale":"fr_CA","og_type":"article","og_title":"Stories 2 - Memory Caf&eacute; NS","og_description":"Memory Caf\u00e9 Stories Would you like to read about some Memory Caf\u00e9 experiences? Look what our caf\u00e9 guests, artists and hosts have to say! Please contact us if you&#8217;d like to add your Memory Caf\u00e9 story. News Stories Expand September... Continue reading","og_url":"https:\/\/memorycafens.ca\/fr\/stories\/","og_site_name":"Memory Caf&eacute; NS","article_modified_time":"2025-10-02T15:04:46+00:00","og_image":[{"url":"https:\/\/memorycafens.ca\/wp-content\/uploads\/2025\/09\/Community-Fair.png","type":"","width":"","height":""}],"twitter_card":"summary_large_image","twitter_misc":{"Estimation du temps de lecture":"2 minutes"},"schema":{"@context":"https:\/\/schema.org","@graph":[{"@type":"WebPage","@id":"https:\/\/memorycafens.ca\/stories\/","url":"https:\/\/memorycafens.ca\/stories\/","name":"Stories 2 - Memory Caf&eacute; NS","isPartOf":{"@id":"https:\/\/memorycafens.ca\/#website"},"primaryImageOfPage":{"@id":"https:\/\/memorycafens.ca\/stories\/#primaryimage"},"image":{"@id":"https:\/\/memorycafens.ca\/stories\/#primaryimage"},"thumbnailUrl":"https:\/\/memorycafens.ca\/wp-content\/uploads\/2025\/09\/Community-Fair.png","datePublished":"2021-12-07T20:38:35+00:00","dateModified":"2025-10-02T15:04:46+00:00","breadcrumb":{"@id":"https:\/\/memorycafens.ca\/stories\/#breadcrumb"},"inLanguage":"fr-CA","potentialAction":[{"@type":"ReadAction","target":["https:\/\/memorycafens.ca\/stories\/"]}]},{"@type":"ImageObject","inLanguage":"fr-CA","@id":"https:\/\/memorycafens.ca\/stories\/#primaryimage","url":"https:\/\/memorycafens.ca\/wp-content\/uploads\/2025\/09\/Community-Fair.png","contentUrl":"https:\/\/memorycafens.ca\/wp-content\/uploads\/2025\/09\/Community-Fair.png"},{"@type":"BreadcrumbList","@id":"https:\/\/memorycafens.ca\/stories\/#breadcrumb","itemListElement":[{"@type":"ListItem","position":1,"name":"Home","item":"https:\/\/memorycafens.ca\/"},{"@type":"ListItem","position":2,"name":"Stories 2"}]},{"@type":"WebSite","@id":"https:\/\/memorycafens.ca\/#website","url":"https:\/\/memorycafens.ca\/","name":"Memory Caf\u00e9s NS","description":"Memory Caf&eacute; NS","publisher":{"@id":"https:\/\/memorycafens.ca\/#organization"},"potentialAction":[{"@type":"SearchAction","target":{"@type":"EntryPoint","urlTemplate":"https:\/\/memorycafens.ca\/?s={search_term_string}"},"query-input":{"@type":"PropertyValueSpecification","valueRequired":true,"valueName":"search_term_string"}}],"inLanguage":"fr-CA"},{"@type":"Organization","@id":"https:\/\/memorycafens.ca\/#organization","name":"Memory Caf\u00e9 NS","url":"https:\/\/memorycafens.ca\/","logo":{"@type":"ImageObject","inLanguage":"fr-CA","@id":"https:\/\/memorycafens.ca\/#\/schema\/logo\/image\/","url":"https:\/\/memorycafens.ca\/wp-content\/uploads\/2020\/02\/Tea-Cup-1-e1580588669255.png","contentUrl":"https:\/\/memorycafens.ca\/wp-content\/uploads\/2020\/02\/Tea-Cup-1-e1580588669255.png","width":336,"height":137,"caption":"Memory Caf\u00e9 NS"},"image":{"@id":"https:\/\/memorycafens.ca\/#\/schema\/logo\/image\/"}}]}},"_links":{"self":[{"href":"https:\/\/memorycafens.ca\/fr\/wp-json\/wp\/v2\/pages\/1599","targetHints":{"allow":["GET"]}}],"collection":[{"href":"https:\/\/memorycafens.ca\/fr\/wp-json\/wp\/v2\/pages"}],"about":[{"href":"https:\/\/memorycafens.ca\/fr\/wp-json\/wp\/v2\/types\/page"}],"author":[{"embeddable":true,"href":"https:\/\/memorycafens.ca\/fr\/wp-json\/wp\/v2\/users\/1"}],"replies":[{"embeddable":true,"href":"https:\/\/memorycafens.ca\/fr\/wp-json\/wp\/v2\/comments?post=1599"}],"version-history":[{"count":39,"href":"https:\/\/memorycafens.ca\/fr\/wp-json\/wp\/v2\/pages\/1599\/revisions"}],"predecessor-version":[{"id":3604,"href":"https:\/\/memorycafens.ca\/fr\/wp-json\/wp\/v2\/pages\/1599\/revisions\/3604"}],"wp:attachment":[{"href":"https:\/\/memorycafens.ca\/fr\/wp-json\/wp\/v2\/media?parent=1599"}],"wp:term":[{"taxonomy":"folder","embeddable":true,"href":"https:\/\/memorycafens.ca\/fr\/wp-json\/wp\/v2\/folder?post=1599"}],"curies":[{"name":"wp","href":"https:\/\/api.w.org\/{rel}","templated":true}]}}