{"id":1062,"date":"2021-03-10T15:42:03","date_gmt":"2021-03-10T15:42:16","guid":{"rendered":"https:\/\/memorycafens.ca\/?page_id=1062"},"modified":"2026-01-05T14:35:05","modified_gmt":"2026-01-05T14:35:05","slug":"series-1-home-page-3","status":"publish","type":"page","link":"https:\/\/memorycafens.ca\/fr\/memory-cafe-nova-scotia-locations\/series-1-home-page-3\/","title":{"rendered":"Series 1 Home Page: Down Home"},"content":{"rendered":"<img loading=\"lazy\" decoding=\"async\" src=\"https:\/\/memorycafens.ca\/wp-content\/uploads\/2021\/02\/Memory-Cafe-logo-medium.png\" alt=\"Memory Cafe logo medium\" itemprop=\"image\" height=\"447\" width=\"521\" title=\"Memory Cafe logo medium\" onerror=\"this.style.display='none'\"  \/>\n\t<h2>Memory Caf\u00e9 S\u00e9rie 1<\/h2>\n<p>&nbsp;<\/p>\n<h2>Par Chez Nous!<\/h2>\n<h2>Featuring\u00a0artists and musicians<\/h2>\n<h2>de la Nouvelle-\u00c9cosse<\/h2>\n\t<p><strong>Vous \u00eates libre d\u2019utiliser cette s\u00e9rie comportant quatre s\u00e9ances pour d\u00e9marrer un Memory Caf\u00e9 dans votre communaut\u00e9!<\/strong><\/p>\n<p>La s\u00e9rie comprend quatre s\u00e9ances de 1-1.5 heures chacune qui ont lieu en ligne ou en personne \u00e0 un rythme d\u2019environ une fois par mois. En g\u00e9n\u00e9ral, chaque groupe a 1 \u00e0 2 facilitateurs et comprend un maximum de 20 participants (des personnes ayant des troubles de m\u00e9moire et leurs aidants). Ce nombre garantit que chaque voix peut \u00eatre entendue et permet \u00e0 chacun un temps de socialisation. Chaque s\u00e9ance suit une forme type de discussions autour d\u2019une pr\u00e9sentation de deux images d\u2019artiste, suivies d\u2019une pr\u00e9sentation musicale ou d\u2019un atelier interactif, le partage d\u2019histoires et de la conversation libre.<\/p>\n<p>Vous trouverez des liens vers des ateliers interactifs, et le bouton \u00ab Choisissez Votre Musique \u00bb vous offre un choix de vid\u00e9os faites pour Memory Caf\u00e9 NS par des musiciens de la province. <i>Nous recommandons aux facilitateurs le t\u00e9l\u00e9chargement des images et de la vid\u00e9o avant la s\u00e9ance afin d\u2019aller au-devant d\u2019\u00e9ventuels probl\u00e8mes de connectivit\u00e9, et de les afficher en plein \u00e9cran pour offrir aux participants la meilleure qualit\u00e9 d\u2019image.<\/i><\/p>\n\t\t<h3>1\u00e8re S\u00e9ance<\/h3>\n\t\t\t\t<img loading=\"lazy\" decoding=\"async\" src=\"https:\/\/memorycafens.ca\/wp-content\/uploads\/2021\/02\/Summer-150x150.png\" alt=\"Summer\" itemprop=\"image\" height=\"150\" width=\"150\" title=\"\u00c9t\u00e9\" onerror=\"this.style.display='none'\"  \/>\n<p><em>De Nouveaux D\u00e9parts<\/em><\/p>\n<p>Avec les oeuvres<\/p>\n<p>d\u2019Arnaud B\u00e9ghin<\/p>\n\t\t<h3><a href=\"https:\/\/memorycafens.ca\/fr\/memory-cafe-nova-scotia-locations\/virtual-cafes\/series-2-home-page\/series-2-session-2-sea-creatures-adventure\/\" target=\"_self\" rel=\"noopener\">2\u00e8me S\u00e9ance<\/a><\/h3>\n\t\t\t\t<a href=\"https:\/\/memorycafens.ca\/fr\/memory-cafe-nova-scotia-locations\/virtual-cafes\/series-2-home-page\/series-2-session-2-sea-creatures-adventure\/\" target=\"_self\" itemprop=\"url\" rel=\"noopener\">\n\t\t\t\t<img loading=\"lazy\" decoding=\"async\" src=\"https:\/\/memorycafens.ca\/wp-content\/uploads\/2021\/02\/image004-150x150.jpg\" alt=\"image004\" itemprop=\"image\" height=\"150\" width=\"150\" title=\"image004\" onerror=\"this.style.display='none'\"  \/>\n\t\t\t\t<\/a>\n<p><em>\u00c0 l\u2019Aventure avec des Animaux de la Mer<\/em><\/p>\n<p>Avec artiste invit\u00e9e Holly Carr<\/p>\n\t\t<h3><a href=\"https:\/\/memorycafens.ca\/fr\/memory-cafe-nova-scotia-locations\/virtual-cafes\/series-2-home-page\/copy\/\" target=\"_self\" rel=\"noopener\">3\u00e8me S\u00e9ance<\/a><\/h3>\n\t\t\t\t<a href=\"https:\/\/memorycafens.ca\/fr\/memory-cafe-nova-scotia-locations\/virtual-cafes\/series-2-home-page\/copy\/\" target=\"_self\" itemprop=\"url\" rel=\"noopener\">\n\t\t\t\t<img loading=\"lazy\" decoding=\"async\" src=\"https:\/\/memorycafens.ca\/wp-content\/uploads\/2021\/02\/image005-150x150.jpg\" alt=\"image005\" itemprop=\"image\" height=\"150\" width=\"150\" title=\"image005\" onerror=\"this.style.display='none'\"  \/>\n\t\t\t\t<\/a>\n<p><em>Sortir et Se R\u00e9unir<\/em><\/p>\n<p>Featuring the art of\u00a0Doretta Groenendyk<\/p>\n\t\t<h3><a href=\"https:\/\/memorycafens.ca\/fr\/memory-cafe-nova-scotia-locations\/virtual-cafes\/series-2-home-page\/series-2-session-4-transformation-creating-something-new\/\" target=\"_self\" rel=\"noopener\">4\u00e8me S\u00e9ance<\/a><\/h3>\n\t\t\t\t<a href=\"https:\/\/memorycafens.ca\/fr\/memory-cafe-nova-scotia-locations\/virtual-cafes\/series-2-home-page\/series-2-session-4-transformation-creating-something-new\/\" target=\"_self\" itemprop=\"url\" rel=\"noopener\">\n\t\t\t\t<img loading=\"lazy\" decoding=\"async\" src=\"https:\/\/memorycafens.ca\/wp-content\/uploads\/2021\/02\/E.-Sircom-Sculpture-150x150.jpg\" alt=\"E. Sircom Sculpture\" itemprop=\"image\" height=\"150\" width=\"150\" title=\"E. Sircom Sculpture\" onerror=\"this.style.display='none'\"  \/>\n\t\t\t\t<\/a>\n<p><em>Les Tr\u00e9sors de la Plage<\/em><\/p>\n<p>Avec l\u2019Artiste Sculpteure:<\/p>\n<p>Elizabeth Sircom<\/p>","protected":false},"excerpt":{"rendered":"<p>Memory Caf\u00e9 Series 1 &nbsp; Down Home! Featuring\u00a0artists and musicians of Nova Scotia Please feel free to use this series to launch a virtual or in-person Memory Caf\u00e9 in your community! This series consists of four 1-1.5 hour sessions held&#8230; <\/p>\n<div class=\"readmore-section\"><a class=\"readmore-btn\" href=\"https:\/\/memorycafens.ca\/fr\/memory-cafe-nova-scotia-locations\/series-1-home-page-3\/\">Continue reading <i class=\"fa fa-arrow-right\"><\/i><\/a><\/div>","protected":false},"author":1,"featured_media":0,"parent":45,"menu_order":2,"comment_status":"closed","ping_status":"closed","template":"","meta":{"footnotes":""},"folder":[98],"class_list":["post-1062","page","type-page","status-publish","hentry"],"yoast_head":"<!-- This site is optimized with the Yoast SEO plugin v27.4 - https:\/\/yoast.com\/product\/yoast-seo-wordpress\/ -->\n<title>Series 1 Home Page: Down Home - Memory Caf&eacute; NS<\/title>\n<meta name=\"robots\" content=\"index, follow, max-snippet:-1, max-image-preview:large, max-video-preview:-1\" \/>\n<link rel=\"canonical\" href=\"https:\/\/memorycafens.ca\/fr\/memory-cafe-nova-scotia-locations\/series-1-home-page-3\/\" \/>\n<meta property=\"og:locale\" content=\"fr_CA\" \/>\n<meta property=\"og:type\" content=\"article\" \/>\n<meta property=\"og:title\" content=\"Series 1 Home Page: Down Home - Memory Caf&eacute; NS\" \/>\n<meta property=\"og:description\" content=\"Memory Caf\u00e9 Series 1 &nbsp; Down Home! Featuring\u00a0artists and musicians of Nova Scotia Please feel free to use this series to launch a virtual or in-person Memory Caf\u00e9 in your community! This series consists of four 1-1.5 hour sessions held... Continue reading\" \/>\n<meta property=\"og:url\" content=\"https:\/\/memorycafens.ca\/fr\/memory-cafe-nova-scotia-locations\/series-1-home-page-3\/\" \/>\n<meta property=\"og:site_name\" content=\"Memory Caf&eacute; NS\" \/>\n<meta property=\"article:modified_time\" content=\"2026-01-05T14:35:05+00:00\" \/>\n<meta property=\"og:image\" content=\"https:\/\/memorycafens.ca\/wp-content\/uploads\/2021\/02\/Memory-Cafe-logo-medium.png\" \/>\n<meta name=\"twitter:card\" content=\"summary_large_image\" \/>\n<meta name=\"twitter:label1\" content=\"Estimation du temps de lecture\" \/>\n\t<meta name=\"twitter:data1\" content=\"2 minutes\" \/>\n<script type=\"application\/ld+json\" class=\"yoast-schema-graph\">{\"@context\":\"https:\\\/\\\/schema.org\",\"@graph\":[{\"@type\":\"WebPage\",\"@id\":\"https:\\\/\\\/memorycafens.ca\\\/memory-cafe-nova-scotia-locations\\\/series-1-home-page-3\\\/\",\"url\":\"https:\\\/\\\/memorycafens.ca\\\/memory-cafe-nova-scotia-locations\\\/series-1-home-page-3\\\/\",\"name\":\"Series 1 Home Page: Down Home - Memory Caf&eacute; NS\",\"isPartOf\":{\"@id\":\"https:\\\/\\\/memorycafens.ca\\\/#website\"},\"primaryImageOfPage\":{\"@id\":\"https:\\\/\\\/memorycafens.ca\\\/memory-cafe-nova-scotia-locations\\\/series-1-home-page-3\\\/#primaryimage\"},\"image\":{\"@id\":\"https:\\\/\\\/memorycafens.ca\\\/memory-cafe-nova-scotia-locations\\\/series-1-home-page-3\\\/#primaryimage\"},\"thumbnailUrl\":\"https:\\\/\\\/memorycafens.ca\\\/wp-content\\\/uploads\\\/2021\\\/02\\\/Memory-Cafe-logo-medium.png\",\"datePublished\":\"2021-03-10T15:42:16+00:00\",\"dateModified\":\"2026-01-05T14:35:05+00:00\",\"breadcrumb\":{\"@id\":\"https:\\\/\\\/memorycafens.ca\\\/memory-cafe-nova-scotia-locations\\\/series-1-home-page-3\\\/#breadcrumb\"},\"inLanguage\":\"fr-CA\",\"potentialAction\":[{\"@type\":\"ReadAction\",\"target\":[\"https:\\\/\\\/memorycafens.ca\\\/memory-cafe-nova-scotia-locations\\\/series-1-home-page-3\\\/\"]}]},{\"@type\":\"ImageObject\",\"inLanguage\":\"fr-CA\",\"@id\":\"https:\\\/\\\/memorycafens.ca\\\/memory-cafe-nova-scotia-locations\\\/series-1-home-page-3\\\/#primaryimage\",\"url\":\"https:\\\/\\\/memorycafens.ca\\\/wp-content\\\/uploads\\\/2021\\\/02\\\/Memory-Cafe-logo-medium.png\",\"contentUrl\":\"https:\\\/\\\/memorycafens.ca\\\/wp-content\\\/uploads\\\/2021\\\/02\\\/Memory-Cafe-logo-medium.png\"},{\"@type\":\"BreadcrumbList\",\"@id\":\"https:\\\/\\\/memorycafens.ca\\\/memory-cafe-nova-scotia-locations\\\/series-1-home-page-3\\\/#breadcrumb\",\"itemListElement\":[{\"@type\":\"ListItem\",\"position\":1,\"name\":\"Home\",\"item\":\"https:\\\/\\\/memorycafens.ca\\\/\"},{\"@type\":\"ListItem\",\"position\":2,\"name\":\"LOCATIONS MENU\",\"item\":\"https:\\\/\\\/memorycafens.ca\\\/memory-cafe-nova-scotia-locations\\\/\"},{\"@type\":\"ListItem\",\"position\":3,\"name\":\"Series 1 Home Page: Down Home\"}]},{\"@type\":\"WebSite\",\"@id\":\"https:\\\/\\\/memorycafens.ca\\\/#website\",\"url\":\"https:\\\/\\\/memorycafens.ca\\\/\",\"name\":\"Memory Caf\u00e9s NS\",\"description\":\"Memory Caf&eacute; NS\",\"publisher\":{\"@id\":\"https:\\\/\\\/memorycafens.ca\\\/#organization\"},\"potentialAction\":[{\"@type\":\"SearchAction\",\"target\":{\"@type\":\"EntryPoint\",\"urlTemplate\":\"https:\\\/\\\/memorycafens.ca\\\/?s={search_term_string}\"},\"query-input\":{\"@type\":\"PropertyValueSpecification\",\"valueRequired\":true,\"valueName\":\"search_term_string\"}}],\"inLanguage\":\"fr-CA\"},{\"@type\":\"Organization\",\"@id\":\"https:\\\/\\\/memorycafens.ca\\\/#organization\",\"name\":\"Memory Caf\u00e9 NS\",\"url\":\"https:\\\/\\\/memorycafens.ca\\\/\",\"logo\":{\"@type\":\"ImageObject\",\"inLanguage\":\"fr-CA\",\"@id\":\"https:\\\/\\\/memorycafens.ca\\\/#\\\/schema\\\/logo\\\/image\\\/\",\"url\":\"https:\\\/\\\/memorycafens.ca\\\/wp-content\\\/uploads\\\/2020\\\/02\\\/Tea-Cup-1-e1580588669255.png\",\"contentUrl\":\"https:\\\/\\\/memorycafens.ca\\\/wp-content\\\/uploads\\\/2020\\\/02\\\/Tea-Cup-1-e1580588669255.png\",\"width\":336,\"height\":137,\"caption\":\"Memory Caf\u00e9 NS\"},\"image\":{\"@id\":\"https:\\\/\\\/memorycafens.ca\\\/#\\\/schema\\\/logo\\\/image\\\/\"}}]}<\/script>\n<!-- \/ Yoast SEO plugin. -->","yoast_head_json":{"title":"Series 1 Home Page: Down Home - Memory Caf&eacute; NS","robots":{"index":"index","follow":"follow","max-snippet":"max-snippet:-1","max-image-preview":"max-image-preview:large","max-video-preview":"max-video-preview:-1"},"canonical":"https:\/\/memorycafens.ca\/fr\/memory-cafe-nova-scotia-locations\/series-1-home-page-3\/","og_locale":"fr_CA","og_type":"article","og_title":"Series 1 Home Page: Down Home - Memory Caf&eacute; NS","og_description":"Memory Caf\u00e9 Series 1 &nbsp; Down Home! Featuring\u00a0artists and musicians of Nova Scotia Please feel free to use this series to launch a virtual or in-person Memory Caf\u00e9 in your community! This series consists of four 1-1.5 hour sessions held... Continue reading","og_url":"https:\/\/memorycafens.ca\/fr\/memory-cafe-nova-scotia-locations\/series-1-home-page-3\/","og_site_name":"Memory Caf&eacute; NS","article_modified_time":"2026-01-05T14:35:05+00:00","og_image":[{"url":"https:\/\/memorycafens.ca\/wp-content\/uploads\/2021\/02\/Memory-Cafe-logo-medium.png","type":"","width":"","height":""}],"twitter_card":"summary_large_image","twitter_misc":{"Estimation du temps de lecture":"2 minutes"},"schema":{"@context":"https:\/\/schema.org","@graph":[{"@type":"WebPage","@id":"https:\/\/memorycafens.ca\/memory-cafe-nova-scotia-locations\/series-1-home-page-3\/","url":"https:\/\/memorycafens.ca\/memory-cafe-nova-scotia-locations\/series-1-home-page-3\/","name":"Series 1 Home Page: Down Home - Memory Caf&eacute; NS","isPartOf":{"@id":"https:\/\/memorycafens.ca\/#website"},"primaryImageOfPage":{"@id":"https:\/\/memorycafens.ca\/memory-cafe-nova-scotia-locations\/series-1-home-page-3\/#primaryimage"},"image":{"@id":"https:\/\/memorycafens.ca\/memory-cafe-nova-scotia-locations\/series-1-home-page-3\/#primaryimage"},"thumbnailUrl":"https:\/\/memorycafens.ca\/wp-content\/uploads\/2021\/02\/Memory-Cafe-logo-medium.png","datePublished":"2021-03-10T15:42:16+00:00","dateModified":"2026-01-05T14:35:05+00:00","breadcrumb":{"@id":"https:\/\/memorycafens.ca\/memory-cafe-nova-scotia-locations\/series-1-home-page-3\/#breadcrumb"},"inLanguage":"fr-CA","potentialAction":[{"@type":"ReadAction","target":["https:\/\/memorycafens.ca\/memory-cafe-nova-scotia-locations\/series-1-home-page-3\/"]}]},{"@type":"ImageObject","inLanguage":"fr-CA","@id":"https:\/\/memorycafens.ca\/memory-cafe-nova-scotia-locations\/series-1-home-page-3\/#primaryimage","url":"https:\/\/memorycafens.ca\/wp-content\/uploads\/2021\/02\/Memory-Cafe-logo-medium.png","contentUrl":"https:\/\/memorycafens.ca\/wp-content\/uploads\/2021\/02\/Memory-Cafe-logo-medium.png"},{"@type":"BreadcrumbList","@id":"https:\/\/memorycafens.ca\/memory-cafe-nova-scotia-locations\/series-1-home-page-3\/#breadcrumb","itemListElement":[{"@type":"ListItem","position":1,"name":"Home","item":"https:\/\/memorycafens.ca\/"},{"@type":"ListItem","position":2,"name":"LOCATIONS MENU","item":"https:\/\/memorycafens.ca\/memory-cafe-nova-scotia-locations\/"},{"@type":"ListItem","position":3,"name":"Series 1 Home Page: Down Home"}]},{"@type":"WebSite","@id":"https:\/\/memorycafens.ca\/#website","url":"https:\/\/memorycafens.ca\/","name":"Memory Caf\u00e9s NS","description":"Memory Caf&eacute; NS","publisher":{"@id":"https:\/\/memorycafens.ca\/#organization"},"potentialAction":[{"@type":"SearchAction","target":{"@type":"EntryPoint","urlTemplate":"https:\/\/memorycafens.ca\/?s={search_term_string}"},"query-input":{"@type":"PropertyValueSpecification","valueRequired":true,"valueName":"search_term_string"}}],"inLanguage":"fr-CA"},{"@type":"Organization","@id":"https:\/\/memorycafens.ca\/#organization","name":"Memory Caf\u00e9 NS","url":"https:\/\/memorycafens.ca\/","logo":{"@type":"ImageObject","inLanguage":"fr-CA","@id":"https:\/\/memorycafens.ca\/#\/schema\/logo\/image\/","url":"https:\/\/memorycafens.ca\/wp-content\/uploads\/2020\/02\/Tea-Cup-1-e1580588669255.png","contentUrl":"https:\/\/memorycafens.ca\/wp-content\/uploads\/2020\/02\/Tea-Cup-1-e1580588669255.png","width":336,"height":137,"caption":"Memory Caf\u00e9 NS"},"image":{"@id":"https:\/\/memorycafens.ca\/#\/schema\/logo\/image\/"}}]}},"_links":{"self":[{"href":"https:\/\/memorycafens.ca\/fr\/wp-json\/wp\/v2\/pages\/1062","targetHints":{"allow":["GET"]}}],"collection":[{"href":"https:\/\/memorycafens.ca\/fr\/wp-json\/wp\/v2\/pages"}],"about":[{"href":"https:\/\/memorycafens.ca\/fr\/wp-json\/wp\/v2\/types\/page"}],"author":[{"embeddable":true,"href":"https:\/\/memorycafens.ca\/fr\/wp-json\/wp\/v2\/users\/1"}],"replies":[{"embeddable":true,"href":"https:\/\/memorycafens.ca\/fr\/wp-json\/wp\/v2\/comments?post=1062"}],"version-history":[{"count":55,"href":"https:\/\/memorycafens.ca\/fr\/wp-json\/wp\/v2\/pages\/1062\/revisions"}],"predecessor-version":[{"id":3075,"href":"https:\/\/memorycafens.ca\/fr\/wp-json\/wp\/v2\/pages\/1062\/revisions\/3075"}],"up":[{"embeddable":true,"href":"https:\/\/memorycafens.ca\/fr\/wp-json\/wp\/v2\/pages\/45"}],"wp:attachment":[{"href":"https:\/\/memorycafens.ca\/fr\/wp-json\/wp\/v2\/media?parent=1062"}],"wp:term":[{"taxonomy":"folder","embeddable":true,"href":"https:\/\/memorycafens.ca\/fr\/wp-json\/wp\/v2\/folder?post=1062"}],"curies":[{"name":"wp","href":"https:\/\/api.w.org\/{rel}","templated":true}]}}